{"id":2298,"date":"2024-11-16T08:16:59","date_gmt":"2024-11-16T08:16:59","guid":{"rendered":"https:\/\/miceth.co.ao\/?page_id=2298"},"modified":"2024-11-16T14:43:17","modified_gmt":"2024-11-16T14:43:17","slug":"aluguer","status":"publish","type":"page","link":"https:\/\/miceth.co.ao\/en\/aluguer\/","title":{"rendered":"Aluguer"},"content":{"rendered":"\t\t<div data-elementor-type=\"wp-page\" data-elementor-id=\"2298\" class=\"elementor elementor-2298\" data-elementor-post-type=\"page\">\n\t\t\t\t\t\t<section class=\"elementor-section elementor-top-section elementor-element elementor-element-5170393 elementor-section-boxed elementor-section-height-default elementor-section-height-default wpr-particle-no wpr-jarallax-no wpr-parallax-no wpr-sticky-section-no wpr-equal-height-no\" data-id=\"5170393\" data-element_type=\"section\" data-e-type=\"section\" data-settings=\"{&quot;background_background&quot;:&quot;classic&quot;}\">\n\t\t\t\t\t\t\t<div class=\"elementor-background-overlay\"><\/div>\n\t\t\t\t\t\t\t<div class=\"elementor-container elementor-column-gap-default\">\n\t\t\t\t\t<div class=\"elementor-column elementor-col-100 elementor-top-column elementor-element elementor-element-c53ab0d\" data-id=\"c53ab0d\" data-element_type=\"column\" data-e-type=\"column\">\n\t\t\t<div class=\"elementor-widget-wrap elementor-element-populated\">\n\t\t\t\t\t\t<div class=\"elementor-element elementor-element-b709dc4 elementor-widget elementor-widget-heading\" data-id=\"b709dc4\" data-element_type=\"widget\" data-e-type=\"widget\" data-widget_type=\"heading.default\">\n\t\t\t\t<div class=\"elementor-widget-container\">\n\t\t\t\t\t<h2 class=\"elementor-heading-title elementor-size-default\">Aluguer<\/h2>\t\t\t\t<\/div>\n\t\t\t\t<\/div>\n\t\t\t\t\t<\/div>\n\t\t<\/div>\n\t\t\t\t\t<\/div>\n\t\t<\/section>\n\t\t<div class=\"elementor-element elementor-element-de3d4d5 e-flex e-con-boxed wpr-particle-no wpr-jarallax-no wpr-parallax-no wpr-sticky-section-no wpr-equal-height-no e-con e-parent\" data-id=\"de3d4d5\" data-element_type=\"container\" data-e-type=\"container\">\n\t\t\t\t\t<div class=\"e-con-inner\">\n\t\t\t\t<div class=\"elementor-element elementor-element-8f8a4b8 wpr-advanced-text-style-animated wpr-fancy-text-typing wpr-animated-text-infinite-yes elementor-widget elementor-widget-wpr-advanced-text\" data-id=\"8f8a4b8\" data-element_type=\"widget\" data-e-type=\"widget\" data-settings=\"{&quot;anim_loop&quot;:&quot;yes&quot;}\" data-widget_type=\"wpr-advanced-text.default\">\n\t\t\t\t<div class=\"elementor-widget-container\">\n\t\t\t\t\t\n\t\t<h3 class=\"wpr-advanced-text\">\n\n\t\t\t\t\t\n\t\t\t\t\t\t\t<span class=\"wpr-advanced-text-preffix\">Benef\u00edcios de locar <\/span>\n\t\t\t\n\t\t<span class=\"wpr-anim-text wpr-anim-text-type-typing wpr-anim-text-letters\" data-anim-duration=\"200,2000\" data-anim-loop=\"yes\">\n\t\t\t<span class=\"wpr-anim-text-inner\">\n\t\t\t\t\t\t\t\t\t<b>equipamentos atrav\u00e9s da Miceth<\/b>\n\t\t\t\t\t\t\t<\/span>\n\t\t\t<span class=\"wpr-anim-text-cursor\">|<\/span>\t\t<\/span>\n\n\t\t\t\t\n\t\t<\/h3>\n\t\t\n\t\t\t\t\t\t<\/div>\n\t\t\t\t<\/div>\n\t\t\t\t\t<\/div>\n\t\t\t\t<\/div>\n\t\t<div class=\"elementor-element elementor-element-4ee8175 e-flex e-con-boxed wpr-particle-no wpr-jarallax-no wpr-parallax-no wpr-sticky-section-no wpr-equal-height-no e-con e-parent\" data-id=\"4ee8175\" data-element_type=\"container\" data-e-type=\"container\">\n\t\t\t\t\t<div class=\"e-con-inner\">\n\t\t\t\t<div class=\"elementor-element elementor-element-77a5bbf wpr-feature-list-left wpr-feature-list-square wpr-feature-list-line-yes elementor-widget elementor-widget-wpr-feature-list\" data-id=\"77a5bbf\" data-element_type=\"widget\" data-e-type=\"widget\" data-widget_type=\"wpr-feature-list.default\">\n\t\t\t\t<div class=\"elementor-widget-container\">\n\t\t\t\t\t<div class=\"wpr-feature-list-wrap\"><ul class=\"wpr-feature-list\"><li class=\"wpr-feature-list-item elementor-repeater-item-9899831\"><div class=\"wpr-feature-list-icon-wrap\"><span class=\"wpr-feature-list-line\"><\/span><div class=\"wpr-feature-list-icon-inner-wrap\"><svg aria-hidden=\"true\" class=\"e-font-icon-svg e-far-building\" viewBox=\"0 0 448 512\" xmlns=\"http:\/\/www.w3.org\/2000\/svg\"><path d=\"M128 148v-40c0-6.6 5.4-12 12-12h40c6.6 0 12 5.4 12 12v40c0 6.6-5.4 12-12 12h-40c-6.6 0-12-5.4-12-12zm140 12h40c6.6 0 12-5.4 12-12v-40c0-6.6-5.4-12-12-12h-40c-6.6 0-12 5.4-12 12v40c0 6.6 5.4 12 12 12zm-128 96h40c6.6 0 12-5.4 12-12v-40c0-6.6-5.4-12-12-12h-40c-6.6 0-12 5.4-12 12v40c0 6.6 5.4 12 12 12zm128 0h40c6.6 0 12-5.4 12-12v-40c0-6.6-5.4-12-12-12h-40c-6.6 0-12 5.4-12 12v40c0 6.6 5.4 12 12 12zm-76 84v-40c0-6.6-5.4-12-12-12h-40c-6.6 0-12 5.4-12 12v40c0 6.6 5.4 12 12 12h40c6.6 0 12-5.4 12-12zm76 12h40c6.6 0 12-5.4 12-12v-40c0-6.6-5.4-12-12-12h-40c-6.6 0-12 5.4-12 12v40c0 6.6 5.4 12 12 12zm180 124v36H0v-36c0-6.6 5.4-12 12-12h19.5V24c0-13.3 10.7-24 24-24h337c13.3 0 24 10.7 24 24v440H436c6.6 0 12 5.4 12 12zM79.5 463H192v-67c0-6.6 5.4-12 12-12h40c6.6 0 12 5.4 12 12v67h112.5V49L80 48l-.5 415z\"><\/path><\/svg><\/div><\/div><div class=\"wpr-feature-list-content-wrap\"><h2 class=\"wpr-feature-list-title\"><a class=\"wpr-feature-list-url\" target=\"_blank\" rel=\"nofollow\">Flexibilidade para o seu conforto<\/a><\/h2><p class=\"wpr-feature-list-description\">Caso surja uma alternativa de combust\u00edvel no futuro, voc\u00ea pode modific\u00e1-la. Tamb\u00e9m \u00e9 poss\u00edvel elevar ou reduzir rapidamente a necessidade de energia, ajustando-a \u00e0s demandas empresariais. N\u00f3s at\u00e9 gerenciamos pe\u00e7as de substitui\u00e7\u00e3o e seguro.\n<\/p><\/div><\/li><li class=\"wpr-feature-list-item elementor-repeater-item-91eee0f\"><div class=\"wpr-feature-list-icon-wrap\"><span class=\"wpr-feature-list-line\"><\/span><div class=\"wpr-feature-list-icon-inner-wrap\"><svg aria-hidden=\"true\" class=\"e-font-icon-svg e-fas-people-carry\" viewBox=\"0 0 640 512\" xmlns=\"http:\/\/www.w3.org\/2000\/svg\"><path d=\"M128 96c26.5 0 48-21.5 48-48S154.5 0 128 0 80 21.5 80 48s21.5 48 48 48zm384 0c26.5 0 48-21.5 48-48S538.5 0 512 0s-48 21.5-48 48 21.5 48 48 48zm125.7 372.1l-44-110-41.1 46.4-2 18.2 27.7 69.2c5 12.5 17 20.1 29.7 20.1 4 0 8-.7 11.9-2.3 16.4-6.6 24.4-25.2 17.8-41.6zm-34.2-209.8L585 178.1c-4.6-20-18.6-36.8-37.5-44.9-18.5-8-39-6.7-56.1 3.3-22.7 13.4-39.7 34.5-48.1 59.4L432 229.8 416 240v-96c0-8.8-7.2-16-16-16H240c-8.8 0-16 7.2-16 16v96l-16.1-10.2-11.3-33.9c-8.3-25-25.4-46-48.1-59.4-17.2-10-37.6-11.3-56.1-3.3-18.9 8.1-32.9 24.9-37.5 44.9l-18.4 80.2c-4.6 20 .7 41.2 14.4 56.7l67.2 75.9 10.1 92.6C130 499.8 143.8 512 160 512c1.2 0 2.3-.1 3.5-.2 17.6-1.9 30.2-17.7 28.3-35.3l-10.1-92.8c-1.5-13-6.9-25.1-15.6-35l-43.3-49 17.6-70.3 6.8 20.4c4.1 12.5 11.9 23.4 24.5 32.6l51.1 32.5c4.6 2.9 12.1 4.6 17.2 5h160c5.1-.4 12.6-2.1 17.2-5l51.1-32.5c12.6-9.2 20.4-20 24.5-32.6l6.8-20.4 17.6 70.3-43.3 49c-8.7 9.9-14.1 22-15.6 35l-10.1 92.8c-1.9 17.6 10.8 33.4 28.3 35.3 1.2.1 2.3.2 3.5.2 16.1 0 30-12.1 31.8-28.5l10.1-92.6 67.2-75.9c13.6-15.5 19-36.7 14.4-56.7zM46.3 358.1l-44 110c-6.6 16.4 1.4 35 17.8 41.6 16.8 6.6 35.1-1.7 41.6-17.8l27.7-69.2-2-18.2-41.1-46.4z\"><\/path><\/svg><\/div><\/div><div class=\"wpr-feature-list-content-wrap\"><h2 class=\"wpr-feature-list-title\"><a class=\"wpr-feature-list-url\" target=\"_blank\" rel=\"nofollow\">Pessoal de alto n\u00edvel<\/a><\/h2><p class=\"wpr-feature-list-description\">Com uma solu\u00e7\u00e3o de loca\u00e7\u00e3o, voc\u00ea elimina as despesas relacionadas ao pessoal, assegurando sempre a presen\u00e7a de pessoal altamente qualificado, treinado conforme os mais rigorosos padr\u00f5es de seguran\u00e7a do setor, pronto para manusear seu equipamento.<\/p><\/div><\/li><li class=\"wpr-feature-list-item elementor-repeater-item-2f1b084\"><div class=\"wpr-feature-list-icon-wrap\"><span class=\"wpr-feature-list-line\"><\/span><div class=\"wpr-feature-list-icon-inner-wrap\"><svg aria-hidden=\"true\" class=\"e-font-icon-svg e-far-handshake\" viewBox=\"0 0 640 512\" xmlns=\"http:\/\/www.w3.org\/2000\/svg\"><path d=\"M519.2 127.9l-47.6-47.6A56.252 56.252 0 0 0 432 64H205.2c-14.8 0-29.1 5.9-39.6 16.3L118 127.9H0v255.7h64c17.6 0 31.8-14.2 31.9-31.7h9.1l84.6 76.4c30.9 25.1 73.8 25.7 105.6 3.8 12.5 10.8 26 15.9 41.1 15.9 18.2 0 35.3-7.4 48.8-24 22.1 8.7 48.2 2.6 64-16.8l26.2-32.3c5.6-6.9 9.1-14.8 10.9-23h57.9c.1 17.5 14.4 31.7 31.9 31.7h64V127.9H519.2zM48 351.6c-8.8 0-16-7.2-16-16s7.2-16 16-16 16 7.2 16 16c0 8.9-7.2 16-16 16zm390-6.9l-26.1 32.2c-2.8 3.4-7.8 4-11.3 1.2l-23.9-19.4-30 36.5c-6 7.3-15 4.8-18 2.4l-36.8-31.5-15.6 19.2c-13.9 17.1-39.2 19.7-55.3 6.6l-97.3-88H96V175.8h41.9l61.7-61.6c2-.8 3.7-1.5 5.7-2.3H262l-38.7 35.5c-29.4 26.9-31.1 72.3-4.4 101.3 14.8 16.2 61.2 41.2 101.5 4.4l8.2-7.5 108.2 87.8c3.4 2.8 3.9 7.9 1.2 11.3zm106-40.8h-69.2c-2.3-2.8-4.9-5.4-7.7-7.7l-102.7-83.4 12.5-11.4c6.5-6 7-16.1 1-22.6L367 167.1c-6-6.5-16.1-6.9-22.6-1l-55.2 50.6c-9.5 8.7-25.7 9.4-34.6 0-9.3-9.9-8.5-25.1 1.2-33.9l65.6-60.1c7.4-6.8 17-10.5 27-10.5l83.7-.2c2.1 0 4.1.8 5.5 2.3l61.7 61.6H544v128zm48 47.7c-8.8 0-16-7.2-16-16s7.2-16 16-16 16 7.2 16 16c0 8.9-7.2 16-16 16z\"><\/path><\/svg><\/div><\/div><div class=\"wpr-feature-list-content-wrap\"><h2 class=\"wpr-feature-list-title\"><a class=\"wpr-feature-list-url\" target=\"_blank\" rel=\"nofollow\">Focos nos nossos clientes<\/a><\/h2><p class=\"wpr-feature-list-description\">Al\u00e9m de escutar e satisfazer suas demandas, tamb\u00e9m prestamos consultoria especializada para propor solu\u00e7\u00f5es apropriadas para situa\u00e7\u00f5es atuais e futuras.\n<\/p><\/div><\/li><li class=\"wpr-feature-list-item elementor-repeater-item-9d70264\"><div class=\"wpr-feature-list-icon-wrap\"><span class=\"wpr-feature-list-line\"><\/span><div class=\"wpr-feature-list-icon-inner-wrap\"><i aria-hidden=\"true\" class=\"icon icon-sun\"><\/i><\/div><\/div><div class=\"wpr-feature-list-content-wrap\"><h2 class=\"wpr-feature-list-title\"><a class=\"wpr-feature-list-url\" target=\"_blank\" rel=\"nofollow\">Sempre inovando<\/a><\/h2><p class=\"wpr-feature-list-description\">Aperfei\u00e7oamos constantemente os procedimentos para aumentar a efici\u00eancia e projetar e criar produtos que se adaptem mais adequadamente \u00e0s demandas din\u00e2micas de energia dos nossos consumidores.<\/p><\/div><\/li><\/ul><\/div>\t\t\t\t<\/div>\n\t\t\t\t<\/div>\n\t\t\t\t\t<\/div>\n\t\t\t\t<\/div>\n\t\t\t\t<section class=\"elementor-section elementor-top-section elementor-element elementor-element-1a1dc8320 elementor-section-height-min-height elementor-section-content-middle elementor-section-boxed elementor-section-height-default elementor-section-items-middle wpr-particle-no wpr-jarallax-no wpr-parallax-no wpr-sticky-section-no wpr-equal-height-no\" data-id=\"1a1dc8320\" data-element_type=\"section\" data-e-type=\"section\" data-settings=\"{&quot;background_background&quot;:&quot;classic&quot;}\">\n\t\t\t\t\t\t\t<div class=\"elementor-background-overlay\"><\/div>\n\t\t\t\t\t\t\t<div class=\"elementor-container elementor-column-gap-default\">\n\t\t\t\t\t<div class=\"elementor-column elementor-col-100 elementor-top-column elementor-element elementor-element-43fc6268\" data-id=\"43fc6268\" data-element_type=\"column\" data-e-type=\"column\">\n\t\t\t<div class=\"elementor-widget-wrap elementor-element-populated\">\n\t\t\t\t\t\t<div class=\"elementor-element elementor-element-4afa4a5e wpr-fancy-text-zoom wpr-advanced-text-style-animated wpr-animated-text-infinite-yes elementor-widget elementor-widget-wpr-advanced-text\" data-id=\"4afa4a5e\" data-element_type=\"widget\" data-e-type=\"widget\" data-settings=\"{&quot;anim_loop&quot;:&quot;yes&quot;}\" data-widget_type=\"wpr-advanced-text.default\">\n\t\t\t\t<div class=\"elementor-widget-container\">\n\t\t\t\t\t\n\t\t<h6 class=\"wpr-advanced-text\">\n\n\t\t\t\t\t\n\t\t\t\t\t\t\t<span class=\"wpr-advanced-text-preffix\">Fa\u00e7a o que for mais ben\u00e9fico para a sua empresa<br><\/span>\n\t\t\t\n\t\t<span class=\"wpr-anim-text wpr-anim-text-type-zoom\" data-anim-duration=\"1200,2000\" data-anim-loop=\"yes\">\n\t\t\t<span class=\"wpr-anim-text-inner\">\n\t\t\t\t\t\t\t<\/span>\n\t\t\t\t\t<\/span>\n\n\t\t\t\t\n\t\t<\/h6>\n\t\t\n\t\t\t\t\t\t<\/div>\n\t\t\t\t<\/div>\n\t\t\t\t<div class=\"elementor-element elementor-element-2eec598c elementor-widget-divider--view-line elementor-widget elementor-widget-divider\" data-id=\"2eec598c\" data-element_type=\"widget\" data-e-type=\"widget\" data-widget_type=\"divider.default\">\n\t\t\t\t<div class=\"elementor-widget-container\">\n\t\t\t\t\t\t\t<div class=\"elementor-divider\">\n\t\t\t<span class=\"elementor-divider-separator\">\n\t\t\t\t\t\t<\/span>\n\t\t<\/div>\n\t\t\t\t\t\t<\/div>\n\t\t\t\t<\/div>\n\t\t\t\t<section class=\"elementor-section elementor-inner-section elementor-element elementor-element-7763883d elementor-section-boxed elementor-section-height-default elementor-section-height-default wpr-particle-no wpr-jarallax-no wpr-parallax-no wpr-sticky-section-no wpr-equal-height-no\" data-id=\"7763883d\" data-element_type=\"section\" data-e-type=\"section\">\n\t\t\t\t\t\t<div class=\"elementor-container elementor-column-gap-default\">\n\t\t\t\t\t<div class=\"elementor-column elementor-col-100 elementor-inner-column elementor-element elementor-element-476a3b0c\" data-id=\"476a3b0c\" data-element_type=\"column\" data-e-type=\"column\">\n\t\t\t<div class=\"elementor-widget-wrap elementor-element-populated\">\n\t\t\t\t\t\t<div class=\"elementor-element elementor-element-65968b20 elementor-widget elementor-widget-text-editor\" data-id=\"65968b20\" data-element_type=\"widget\" data-e-type=\"widget\" data-settings=\"{&quot;motion_fx_motion_fx_scrolling&quot;:&quot;yes&quot;,&quot;motion_fx_translateY_effect&quot;:&quot;yes&quot;,&quot;motion_fx_translateY_speed&quot;:{&quot;unit&quot;:&quot;px&quot;,&quot;size&quot;:4,&quot;sizes&quot;:[]},&quot;motion_fx_translateY_affectedRange&quot;:{&quot;unit&quot;:&quot;%&quot;,&quot;size&quot;:&quot;&quot;,&quot;sizes&quot;:{&quot;start&quot;:0,&quot;end&quot;:100}},&quot;motion_fx_devices&quot;:[&quot;desktop&quot;,&quot;laptop&quot;,&quot;tablet&quot;,&quot;mobile&quot;]}\" data-widget_type=\"text-editor.default\">\n\t\t\t\t<div class=\"elementor-widget-container\">\n\t\t\t\t\t\t\t\t\t<p>Diversos elementos podem afetar a decis\u00e3o da sua organiza\u00e7\u00e3o de adquirir ou alugar equipamentos. Para proporcionar uma solu\u00e7\u00e3o de aluguel completa, \u00e9 crucial levar em conta os seguintes aspectos:<br>&#8211; Urg\u00eancia da urg\u00eancia<br>&#8211; Per\u00edodo necess\u00e1rio e de aplica\u00e7\u00e3o<br>&#8211; Custo vs. Recompensa<br>&#8211; Disponibilidade<br>&#8211; Flexibilidade<br>&#8211; O custo invis\u00edvel e o valor do ativo <br>&#8211; Impacto sutil<br><br><\/p>\t\t\t\t\t\t\t\t<\/div>\n\t\t\t\t<\/div>\n\t\t\t\t\t<\/div>\n\t\t<\/div>\n\t\t\t\t\t<\/div>\n\t\t<\/section>\n\t\t\t\t\t<\/div>\n\t\t<\/div>\n\t\t\t\t\t<\/div>\n\t\t<\/section>\n\t\t\t\t<\/div>\n\t\t","protected":false},"excerpt":{"rendered":"<p>Aluguer Benef\u00edcios de locar equipamentos atrav\u00e9s da Miceth | Flexibilidade para o seu conforto Caso surja uma alternativa de combust\u00edvel no futuro, voc\u00ea pode modific\u00e1-la. Tamb\u00e9m \u00e9 poss\u00edvel elevar ou reduzir rapidamente a necessidade de energia, ajustando-a \u00e0s demandas empresariais. N\u00f3s at\u00e9 gerenciamos pe\u00e7as de substitui\u00e7\u00e3o e seguro. Pessoal de alto n\u00edvel Com uma solu\u00e7\u00e3o de loca\u00e7\u00e3o, voc\u00ea elimina as despesas relacionadas ao pessoal, assegurando sempre a presen\u00e7a de pessoal altamente qualificado, treinado conforme os mais rigorosos padr\u00f5es de seguran\u00e7a do setor, pronto para manusear seu equipamento. Focos nos nossos clientes Al\u00e9m de escutar e satisfazer suas demandas, tamb\u00e9m prestamos consultoria especializada para propor solu\u00e7\u00f5es apropriadas para situa\u00e7\u00f5es atuais e futuras. Sempre inovando Aperfei\u00e7oamos constantemente os procedimentos para aumentar a efici\u00eancia e projetar e criar produtos que se adaptem mais adequadamente \u00e0s demandas din\u00e2micas de energia dos nossos consumidores. Fa\u00e7a o que for mais ben\u00e9fico para a sua empresa Diversos elementos podem afetar a decis\u00e3o da sua organiza\u00e7\u00e3o de adquirir ou alugar equipamentos. Para proporcionar uma solu\u00e7\u00e3o de aluguel completa, \u00e9 crucial levar em conta os seguintes aspectos:&#8211; Urg\u00eancia da urg\u00eancia&#8211; Per\u00edodo necess\u00e1rio e de aplica\u00e7\u00e3o&#8211; Custo vs. Recompensa&#8211; Disponibilidade&#8211; Flexibilidade&#8211; O custo invis\u00edvel e o valor do ativo &#8211; Impacto sutil<\/p>","protected":false},"author":1,"featured_media":0,"parent":0,"menu_order":0,"comment_status":"closed","ping_status":"closed","template":"elementor_canvas","meta":{"footnotes":""},"class_list":["post-2298","page","type-page","status-publish","hentry"],"yoast_head":"<!-- This site is optimized with the Yoast SEO plugin v27.5 - https:\/\/yoast.com\/product\/yoast-seo-wordpress\/ -->\n<title>Aluguer - miceth<\/title>\n<meta name=\"robots\" content=\"index, follow, max-snippet:-1, max-image-preview:large, max-video-preview:-1\" \/>\n<link rel=\"canonical\" href=\"https:\/\/miceth.co.ao\/en\/aluguer\/\" \/>\n<meta property=\"og:locale\" content=\"en_GB\" \/>\n<meta property=\"og:type\" content=\"article\" \/>\n<meta property=\"og:title\" content=\"Aluguer - miceth\" \/>\n<meta property=\"og:description\" content=\"Aluguer Benef\u00edcios de locar equipamentos atrav\u00e9s da Miceth | Flexibilidade para o seu conforto Caso surja uma alternativa de combust\u00edvel no futuro, voc\u00ea pode modific\u00e1-la. Tamb\u00e9m \u00e9 poss\u00edvel elevar ou reduzir rapidamente a necessidade de energia, ajustando-a \u00e0s demandas empresariais. N\u00f3s at\u00e9 gerenciamos pe\u00e7as de substitui\u00e7\u00e3o e seguro. Pessoal de alto n\u00edvel Com uma solu\u00e7\u00e3o de loca\u00e7\u00e3o, voc\u00ea elimina as despesas relacionadas ao pessoal, assegurando sempre a presen\u00e7a de pessoal altamente qualificado, treinado conforme os mais rigorosos padr\u00f5es de seguran\u00e7a do setor, pronto para manusear seu equipamento. Focos nos nossos clientes Al\u00e9m de escutar e satisfazer suas demandas, tamb\u00e9m prestamos consultoria especializada para propor solu\u00e7\u00f5es apropriadas para situa\u00e7\u00f5es atuais e futuras. Sempre inovando Aperfei\u00e7oamos constantemente os procedimentos para aumentar a efici\u00eancia e projetar e criar produtos que se adaptem mais adequadamente \u00e0s demandas din\u00e2micas de energia dos nossos consumidores. Fa\u00e7a o que for mais ben\u00e9fico para a sua empresa Diversos elementos podem afetar a decis\u00e3o da sua organiza\u00e7\u00e3o de adquirir ou alugar equipamentos. Para proporcionar uma solu\u00e7\u00e3o de aluguel completa, \u00e9 crucial levar em conta os seguintes aspectos:&#8211; Urg\u00eancia da urg\u00eancia&#8211; Per\u00edodo necess\u00e1rio e de aplica\u00e7\u00e3o&#8211; Custo vs. Recompensa&#8211; Disponibilidade&#8211; Flexibilidade&#8211; O custo invis\u00edvel e o valor do ativo &#8211; Impacto sutil\" \/>\n<meta property=\"og:url\" content=\"https:\/\/miceth.co.ao\/en\/aluguer\/\" \/>\n<meta property=\"og:site_name\" content=\"miceth\" \/>\n<meta property=\"article:modified_time\" content=\"2024-11-16T14:43:17+00:00\" \/>\n<meta name=\"twitter:card\" content=\"summary_large_image\" \/>\n<meta name=\"twitter:label1\" content=\"Estimated reading time\" \/>\n\t<meta name=\"twitter:data1\" content=\"1 minute\" \/>\n<script type=\"application\/ld+json\" class=\"yoast-schema-graph\">{\"@context\":\"https:\\\/\\\/schema.org\",\"@graph\":[{\"@type\":\"WebPage\",\"@id\":\"https:\\\/\\\/miceth.co.ao\\\/aluguer\\\/\",\"url\":\"https:\\\/\\\/miceth.co.ao\\\/aluguer\\\/\",\"name\":\"Aluguer - miceth\",\"isPartOf\":{\"@id\":\"https:\\\/\\\/miceth.co.ao\\\/#website\"},\"datePublished\":\"2024-11-16T08:16:59+00:00\",\"dateModified\":\"2024-11-16T14:43:17+00:00\",\"breadcrumb\":{\"@id\":\"https:\\\/\\\/miceth.co.ao\\\/aluguer\\\/#breadcrumb\"},\"inLanguage\":\"en-GB\",\"potentialAction\":[{\"@type\":\"ReadAction\",\"target\":[\"https:\\\/\\\/miceth.co.ao\\\/aluguer\\\/\"]}]},{\"@type\":\"BreadcrumbList\",\"@id\":\"https:\\\/\\\/miceth.co.ao\\\/aluguer\\\/#breadcrumb\",\"itemListElement\":[{\"@type\":\"ListItem\",\"position\":1,\"name\":\"In\u00edcio\",\"item\":\"https:\\\/\\\/miceth.co.ao\\\/\"},{\"@type\":\"ListItem\",\"position\":2,\"name\":\"Aluguer\"}]},{\"@type\":\"WebSite\",\"@id\":\"https:\\\/\\\/miceth.co.ao\\\/#website\",\"url\":\"https:\\\/\\\/miceth.co.ao\\\/\",\"name\":\"miceth\",\"description\":\"miceth\",\"publisher\":{\"@id\":\"https:\\\/\\\/miceth.co.ao\\\/#organization\"},\"potentialAction\":[{\"@type\":\"SearchAction\",\"target\":{\"@type\":\"EntryPoint\",\"urlTemplate\":\"https:\\\/\\\/miceth.co.ao\\\/?s={search_term_string}\"},\"query-input\":{\"@type\":\"PropertyValueSpecification\",\"valueRequired\":true,\"valueName\":\"search_term_string\"}}],\"inLanguage\":\"en-GB\"},{\"@type\":\"Organization\",\"@id\":\"https:\\\/\\\/miceth.co.ao\\\/#organization\",\"name\":\"miceth\",\"url\":\"https:\\\/\\\/miceth.co.ao\\\/\",\"logo\":{\"@type\":\"ImageObject\",\"inLanguage\":\"en-GB\",\"@id\":\"https:\\\/\\\/miceth.co.ao\\\/#\\\/schema\\\/logo\\\/image\\\/\",\"url\":\"https:\\\/\\\/miceth.co.ao\\\/wp-content\\\/uploads\\\/2023\\\/09\\\/Logo-2.png.png\",\"contentUrl\":\"https:\\\/\\\/miceth.co.ao\\\/wp-content\\\/uploads\\\/2023\\\/09\\\/Logo-2.png.png\",\"width\":800,\"height\":800,\"caption\":\"miceth\"},\"image\":{\"@id\":\"https:\\\/\\\/miceth.co.ao\\\/#\\\/schema\\\/logo\\\/image\\\/\"}}]}<\/script>\n<!-- \/ Yoast SEO plugin. -->","yoast_head_json":{"title":"Aluguer - miceth","robots":{"index":"index","follow":"follow","max-snippet":"max-snippet:-1","max-image-preview":"max-image-preview:large","max-video-preview":"max-video-preview:-1"},"canonical":"https:\/\/miceth.co.ao\/en\/aluguer\/","og_locale":"en_GB","og_type":"article","og_title":"Aluguer - miceth","og_description":"Aluguer Benef\u00edcios de locar equipamentos atrav\u00e9s da Miceth | Flexibilidade para o seu conforto Caso surja uma alternativa de combust\u00edvel no futuro, voc\u00ea pode modific\u00e1-la. Tamb\u00e9m \u00e9 poss\u00edvel elevar ou reduzir rapidamente a necessidade de energia, ajustando-a \u00e0s demandas empresariais. N\u00f3s at\u00e9 gerenciamos pe\u00e7as de substitui\u00e7\u00e3o e seguro. Pessoal de alto n\u00edvel Com uma solu\u00e7\u00e3o de loca\u00e7\u00e3o, voc\u00ea elimina as despesas relacionadas ao pessoal, assegurando sempre a presen\u00e7a de pessoal altamente qualificado, treinado conforme os mais rigorosos padr\u00f5es de seguran\u00e7a do setor, pronto para manusear seu equipamento. Focos nos nossos clientes Al\u00e9m de escutar e satisfazer suas demandas, tamb\u00e9m prestamos consultoria especializada para propor solu\u00e7\u00f5es apropriadas para situa\u00e7\u00f5es atuais e futuras. Sempre inovando Aperfei\u00e7oamos constantemente os procedimentos para aumentar a efici\u00eancia e projetar e criar produtos que se adaptem mais adequadamente \u00e0s demandas din\u00e2micas de energia dos nossos consumidores. Fa\u00e7a o que for mais ben\u00e9fico para a sua empresa Diversos elementos podem afetar a decis\u00e3o da sua organiza\u00e7\u00e3o de adquirir ou alugar equipamentos. Para proporcionar uma solu\u00e7\u00e3o de aluguel completa, \u00e9 crucial levar em conta os seguintes aspectos:&#8211; Urg\u00eancia da urg\u00eancia&#8211; Per\u00edodo necess\u00e1rio e de aplica\u00e7\u00e3o&#8211; Custo vs. Recompensa&#8211; Disponibilidade&#8211; Flexibilidade&#8211; O custo invis\u00edvel e o valor do ativo &#8211; Impacto sutil","og_url":"https:\/\/miceth.co.ao\/en\/aluguer\/","og_site_name":"miceth","article_modified_time":"2024-11-16T14:43:17+00:00","twitter_card":"summary_large_image","twitter_misc":{"Estimated reading time":"1 minute"},"schema":{"@context":"https:\/\/schema.org","@graph":[{"@type":"WebPage","@id":"https:\/\/miceth.co.ao\/aluguer\/","url":"https:\/\/miceth.co.ao\/aluguer\/","name":"Aluguer - miceth","isPartOf":{"@id":"https:\/\/miceth.co.ao\/#website"},"datePublished":"2024-11-16T08:16:59+00:00","dateModified":"2024-11-16T14:43:17+00:00","breadcrumb":{"@id":"https:\/\/miceth.co.ao\/aluguer\/#breadcrumb"},"inLanguage":"en-GB","potentialAction":[{"@type":"ReadAction","target":["https:\/\/miceth.co.ao\/aluguer\/"]}]},{"@type":"BreadcrumbList","@id":"https:\/\/miceth.co.ao\/aluguer\/#breadcrumb","itemListElement":[{"@type":"ListItem","position":1,"name":"In\u00edcio","item":"https:\/\/miceth.co.ao\/"},{"@type":"ListItem","position":2,"name":"Aluguer"}]},{"@type":"WebSite","@id":"https:\/\/miceth.co.ao\/#website","url":"https:\/\/miceth.co.ao\/","name":"miceth","description":"miceth","publisher":{"@id":"https:\/\/miceth.co.ao\/#organization"},"potentialAction":[{"@type":"SearchAction","target":{"@type":"EntryPoint","urlTemplate":"https:\/\/miceth.co.ao\/?s={search_term_string}"},"query-input":{"@type":"PropertyValueSpecification","valueRequired":true,"valueName":"search_term_string"}}],"inLanguage":"en-GB"},{"@type":"Organization","@id":"https:\/\/miceth.co.ao\/#organization","name":"miceth","url":"https:\/\/miceth.co.ao\/","logo":{"@type":"ImageObject","inLanguage":"en-GB","@id":"https:\/\/miceth.co.ao\/#\/schema\/logo\/image\/","url":"https:\/\/miceth.co.ao\/wp-content\/uploads\/2023\/09\/Logo-2.png.png","contentUrl":"https:\/\/miceth.co.ao\/wp-content\/uploads\/2023\/09\/Logo-2.png.png","width":800,"height":800,"caption":"miceth"},"image":{"@id":"https:\/\/miceth.co.ao\/#\/schema\/logo\/image\/"}}]}},"_links":{"self":[{"href":"https:\/\/miceth.co.ao\/en\/wp-json\/wp\/v2\/pages\/2298","targetHints":{"allow":["GET"]}}],"collection":[{"href":"https:\/\/miceth.co.ao\/en\/wp-json\/wp\/v2\/pages"}],"about":[{"href":"https:\/\/miceth.co.ao\/en\/wp-json\/wp\/v2\/types\/page"}],"author":[{"embeddable":true,"href":"https:\/\/miceth.co.ao\/en\/wp-json\/wp\/v2\/users\/1"}],"replies":[{"embeddable":true,"href":"https:\/\/miceth.co.ao\/en\/wp-json\/wp\/v2\/comments?post=2298"}],"version-history":[{"count":52,"href":"https:\/\/miceth.co.ao\/en\/wp-json\/wp\/v2\/pages\/2298\/revisions"}],"predecessor-version":[{"id":2407,"href":"https:\/\/miceth.co.ao\/en\/wp-json\/wp\/v2\/pages\/2298\/revisions\/2407"}],"wp:attachment":[{"href":"https:\/\/miceth.co.ao\/en\/wp-json\/wp\/v2\/media?parent=2298"}],"curies":[{"name":"wp","href":"https:\/\/api.w.org\/{rel}","templated":true}]}}