{"id":1879,"date":"2024-11-13T02:17:04","date_gmt":"2024-11-13T02:17:04","guid":{"rendered":"https:\/\/miceth.co.ao\/?page_id=1879"},"modified":"2024-11-16T00:43:12","modified_gmt":"2024-11-16T00:43:12","slug":"inovacao","status":"publish","type":"page","link":"https:\/\/miceth.co.ao\/en\/inovacao\/","title":{"rendered":"Inova\u00e7\u00e3o"},"content":{"rendered":"<div data-elementor-type=\"wp-page\" data-elementor-id=\"1879\" class=\"elementor elementor-1879\" data-elementor-post-type=\"page\">\n\t\t\t\t\t\t<section class=\"elementor-section elementor-top-section elementor-element elementor-element-8c1add3 elementor-section-boxed elementor-section-height-default elementor-section-height-default wpr-particle-no wpr-jarallax-no wpr-parallax-no wpr-sticky-section-no wpr-equal-height-no\" data-id=\"8c1add3\" data-element_type=\"section\" data-e-type=\"section\" data-settings=\"{&quot;background_background&quot;:&quot;classic&quot;}\">\n\t\t\t\t\t\t\t<div class=\"elementor-background-overlay\"><\/div>\n\t\t\t\t\t\t\t<div class=\"elementor-container elementor-column-gap-default\">\n\t\t\t\t\t<div class=\"elementor-column elementor-col-100 elementor-top-column elementor-element elementor-element-ec1a87b\" data-id=\"ec1a87b\" data-element_type=\"column\" data-e-type=\"column\">\n\t\t\t<div class=\"elementor-widget-wrap elementor-element-populated\">\n\t\t\t\t\t\t<div class=\"elementor-element elementor-element-f8e8939 elementor-widget elementor-widget-heading\" data-id=\"f8e8939\" data-element_type=\"widget\" data-e-type=\"widget\" data-widget_type=\"heading.default\">\n\t\t\t\t<div class=\"elementor-widget-container\">\n\t\t\t\t\t<h2 class=\"elementor-heading-title elementor-size-default\">Inova\u00e7\u00e3o<\/h2>\t\t\t\t<\/div>\n\t\t\t\t<\/div>\n\t\t\t\t\t<\/div>\n\t\t<\/div>\n\t\t\t\t\t<\/div>\n\t\t<\/section>\n\t\t\t\t<section class=\"elementor-section elementor-top-section elementor-element elementor-element-f92f5ea elementor-section-boxed elementor-section-height-default elementor-section-height-default wpr-particle-no wpr-jarallax-no wpr-parallax-no wpr-sticky-section-no wpr-equal-height-no\" data-id=\"f92f5ea\" data-element_type=\"section\" data-e-type=\"section\">\n\t\t\t\t\t\t<div class=\"elementor-container elementor-column-gap-default\">\n\t\t\t\t\t<div class=\"elementor-column elementor-col-50 elementor-top-column elementor-element elementor-element-85f8c95 elementor-invisible\" data-id=\"85f8c95\" data-element_type=\"column\" data-e-type=\"column\" data-settings=\"{&quot;animation&quot;:&quot;slideInLeft&quot;}\">\n\t\t\t<div class=\"elementor-widget-wrap elementor-element-populated\">\n\t\t\t\t\t\t<div class=\"elementor-element elementor-element-3bb80dd elementor-widget elementor-widget-heading\" data-id=\"3bb80dd\" data-element_type=\"widget\" data-e-type=\"widget\" data-widget_type=\"heading.default\">\n\t\t\t\t<div class=\"elementor-widget-container\">\n\t\t\t\t\t<h2 class=\"elementor-heading-title elementor-size-default\">inova\u00e7\u00e3o<\/h2>\t\t\t\t<\/div>\n\t\t\t\t<\/div>\n\t\t\t\t<div class=\"elementor-element elementor-element-4435c84 elementor-widget elementor-widget-text-editor\" data-id=\"4435c84\" data-element_type=\"widget\" data-e-type=\"widget\" data-widget_type=\"text-editor.default\">\n\t\t\t\t<div class=\"elementor-widget-container\">\n\t\t\t\t\t\t\t\t\t<p>Por muitos anos, a energia foi reinventada. A partir de pequenas iniciativas, ganhamos experi\u00eancia naquilo que fazemos, n\u00e3o somente em termos de dimens\u00e3o, mas tamb\u00e9m na diversidade e efic\u00e1cia dos produtos que disponibilizamos. Estamos realizando isso atrav\u00e9s do: Colaborando com pesquisadores e alunos de universidades de destaque para investigar e descobrir solu\u00e7\u00f5es para os desafios futuros de energia. Nunca nos conformamos e aceitamos a posi\u00e7\u00e3o de engenheiros a gerentes, sempre enxergando o mundo atrav\u00e9s dos olhos dos nossos clientes e investindo em tecnologia que os favore\u00e7a mais.<\/p>\t\t\t\t\t\t\t\t<\/div>\n\t\t\t\t<\/div>\n\t\t\t\t\t<\/div>\n\t\t<\/div>\n\t\t\t\t<div class=\"elementor-column elementor-col-50 elementor-top-column elementor-element elementor-element-5829cee elementor-hidden-tablet elementor-hidden-mobile elementor-invisible\" data-id=\"5829cee\" data-element_type=\"column\" data-e-type=\"column\" data-settings=\"{&quot;animation&quot;:&quot;slideInRight&quot;}\">\n\t\t\t<div class=\"elementor-widget-wrap elementor-element-populated\">\n\t\t\t\t\t\t<div class=\"elementor-element elementor-element-065cc0c elementor-widget elementor-widget-image\" data-id=\"065cc0c\" data-element_type=\"widget\" data-e-type=\"widget\" data-widget_type=\"image.default\">\n\t\t\t\t<div class=\"elementor-widget-container\">\n\t\t\t\t\t\t\t\t\t\t\t\t\t\t\t<img fetchpriority=\"high\" decoding=\"async\" width=\"768\" height=\"432\" src=\"https:\/\/miceth.co.ao\/wp-content\/uploads\/2024\/11\/alunos1.jpg\" class=\"attachment-large size-large wp-image-2275\" alt=\"\" srcset=\"https:\/\/miceth.co.ao\/wp-content\/uploads\/2024\/11\/alunos1.jpg 768w, https:\/\/miceth.co.ao\/wp-content\/uploads\/2024\/11\/alunos1-300x169.jpg 300w, https:\/\/miceth.co.ao\/wp-content\/uploads\/2024\/11\/alunos1-18x10.jpg 18w\" sizes=\"(max-width: 768px) 100vw, 768px\" \/>\t\t\t\t\t\t\t\t\t\t\t\t\t\t\t<\/div>\n\t\t\t\t<\/div>\n\t\t\t\t\t<\/div>\n\t\t<\/div>\n\t\t\t\t\t<\/div>\n\t\t<\/section>\n\t\t\t\t<\/div>","protected":false},"excerpt":{"rendered":"<p>Inova\u00e7\u00e3o inova\u00e7\u00e3o Por muitos anos, a energia foi reinventada. A partir de pequenas iniciativas, ganhamos experi\u00eancia naquilo que fazemos, n\u00e3o somente em termos de dimens\u00e3o, mas tamb\u00e9m na diversidade e efic\u00e1cia dos produtos que disponibilizamos. Estamos realizando isso atrav\u00e9s do: Colaborando com pesquisadores e alunos de universidades de destaque para investigar e descobrir solu\u00e7\u00f5es para os desafios futuros de energia. Nunca nos conformamos e aceitamos a posi\u00e7\u00e3o de engenheiros a gerentes, sempre enxergando o mundo atrav\u00e9s dos olhos dos nossos clientes e investindo em tecnologia que os favore\u00e7a mais.<\/p>","protected":false},"author":1,"featured_media":0,"parent":0,"menu_order":0,"comment_status":"closed","ping_status":"closed","template":"elementor_canvas","meta":{"footnotes":""},"class_list":["post-1879","page","type-page","status-publish","hentry"],"yoast_head":"<!-- This site is optimized with the Yoast SEO plugin v27.5 - https:\/\/yoast.com\/product\/yoast-seo-wordpress\/ -->\n<title>Inova\u00e7\u00e3o - miceth<\/title>\n<meta name=\"robots\" content=\"index, follow, max-snippet:-1, max-image-preview:large, max-video-preview:-1\" \/>\n<link rel=\"canonical\" href=\"https:\/\/miceth.co.ao\/en\/inovacao\/\" \/>\n<meta property=\"og:locale\" content=\"en_GB\" \/>\n<meta property=\"og:type\" content=\"article\" \/>\n<meta property=\"og:title\" content=\"Inova\u00e7\u00e3o - miceth\" \/>\n<meta property=\"og:description\" content=\"Inova\u00e7\u00e3o inova\u00e7\u00e3o Por muitos anos, a energia foi reinventada. A partir de pequenas iniciativas, ganhamos experi\u00eancia naquilo que fazemos, n\u00e3o somente em termos de dimens\u00e3o, mas tamb\u00e9m na diversidade e efic\u00e1cia dos produtos que disponibilizamos. Estamos realizando isso atrav\u00e9s do: Colaborando com pesquisadores e alunos de universidades de destaque para investigar e descobrir solu\u00e7\u00f5es para os desafios futuros de energia. Nunca nos conformamos e aceitamos a posi\u00e7\u00e3o de engenheiros a gerentes, sempre enxergando o mundo atrav\u00e9s dos olhos dos nossos clientes e investindo em tecnologia que os favore\u00e7a mais.\" \/>\n<meta property=\"og:url\" content=\"https:\/\/miceth.co.ao\/en\/inovacao\/\" \/>\n<meta property=\"og:site_name\" content=\"miceth\" \/>\n<meta property=\"article:modified_time\" content=\"2024-11-16T00:43:12+00:00\" \/>\n<meta property=\"og:image\" content=\"https:\/\/miceth.co.ao\/wp-content\/uploads\/2024\/11\/alunos1.jpg\" \/>\n\t<meta property=\"og:image:width\" content=\"768\" \/>\n\t<meta property=\"og:image:height\" content=\"432\" \/>\n\t<meta property=\"og:image:type\" content=\"image\/jpeg\" \/>\n<meta name=\"twitter:card\" content=\"summary_large_image\" \/>\n<meta name=\"twitter:label1\" content=\"Estimated reading time\" \/>\n\t<meta name=\"twitter:data1\" content=\"1 minute\" \/>\n<script type=\"application\/ld+json\" class=\"yoast-schema-graph\">{\"@context\":\"https:\\\/\\\/schema.org\",\"@graph\":[{\"@type\":\"WebPage\",\"@id\":\"https:\\\/\\\/miceth.co.ao\\\/inovacao\\\/\",\"url\":\"https:\\\/\\\/miceth.co.ao\\\/inovacao\\\/\",\"name\":\"Inova\u00e7\u00e3o - miceth\",\"isPartOf\":{\"@id\":\"https:\\\/\\\/miceth.co.ao\\\/#website\"},\"primaryImageOfPage\":{\"@id\":\"https:\\\/\\\/miceth.co.ao\\\/inovacao\\\/#primaryimage\"},\"image\":{\"@id\":\"https:\\\/\\\/miceth.co.ao\\\/inovacao\\\/#primaryimage\"},\"thumbnailUrl\":\"https:\\\/\\\/miceth.co.ao\\\/wp-content\\\/uploads\\\/2024\\\/11\\\/alunos1.jpg\",\"datePublished\":\"2024-11-13T02:17:04+00:00\",\"dateModified\":\"2024-11-16T00:43:12+00:00\",\"breadcrumb\":{\"@id\":\"https:\\\/\\\/miceth.co.ao\\\/inovacao\\\/#breadcrumb\"},\"inLanguage\":\"en-GB\",\"potentialAction\":[{\"@type\":\"ReadAction\",\"target\":[\"https:\\\/\\\/miceth.co.ao\\\/inovacao\\\/\"]}]},{\"@type\":\"ImageObject\",\"inLanguage\":\"en-GB\",\"@id\":\"https:\\\/\\\/miceth.co.ao\\\/inovacao\\\/#primaryimage\",\"url\":\"https:\\\/\\\/miceth.co.ao\\\/wp-content\\\/uploads\\\/2024\\\/11\\\/alunos1.jpg\",\"contentUrl\":\"https:\\\/\\\/miceth.co.ao\\\/wp-content\\\/uploads\\\/2024\\\/11\\\/alunos1.jpg\"},{\"@type\":\"BreadcrumbList\",\"@id\":\"https:\\\/\\\/miceth.co.ao\\\/inovacao\\\/#breadcrumb\",\"itemListElement\":[{\"@type\":\"ListItem\",\"position\":1,\"name\":\"In\u00edcio\",\"item\":\"https:\\\/\\\/miceth.co.ao\\\/\"},{\"@type\":\"ListItem\",\"position\":2,\"name\":\"Inova\u00e7\u00e3o\"}]},{\"@type\":\"WebSite\",\"@id\":\"https:\\\/\\\/miceth.co.ao\\\/#website\",\"url\":\"https:\\\/\\\/miceth.co.ao\\\/\",\"name\":\"miceth\",\"description\":\"miceth\",\"publisher\":{\"@id\":\"https:\\\/\\\/miceth.co.ao\\\/#organization\"},\"potentialAction\":[{\"@type\":\"SearchAction\",\"target\":{\"@type\":\"EntryPoint\",\"urlTemplate\":\"https:\\\/\\\/miceth.co.ao\\\/?s={search_term_string}\"},\"query-input\":{\"@type\":\"PropertyValueSpecification\",\"valueRequired\":true,\"valueName\":\"search_term_string\"}}],\"inLanguage\":\"en-GB\"},{\"@type\":\"Organization\",\"@id\":\"https:\\\/\\\/miceth.co.ao\\\/#organization\",\"name\":\"miceth\",\"url\":\"https:\\\/\\\/miceth.co.ao\\\/\",\"logo\":{\"@type\":\"ImageObject\",\"inLanguage\":\"en-GB\",\"@id\":\"https:\\\/\\\/miceth.co.ao\\\/#\\\/schema\\\/logo\\\/image\\\/\",\"url\":\"https:\\\/\\\/miceth.co.ao\\\/wp-content\\\/uploads\\\/2023\\\/09\\\/Logo-2.png.png\",\"contentUrl\":\"https:\\\/\\\/miceth.co.ao\\\/wp-content\\\/uploads\\\/2023\\\/09\\\/Logo-2.png.png\",\"width\":800,\"height\":800,\"caption\":\"miceth\"},\"image\":{\"@id\":\"https:\\\/\\\/miceth.co.ao\\\/#\\\/schema\\\/logo\\\/image\\\/\"}}]}<\/script>\n<!-- \/ Yoast SEO plugin. -->","yoast_head_json":{"title":"Inova\u00e7\u00e3o - miceth","robots":{"index":"index","follow":"follow","max-snippet":"max-snippet:-1","max-image-preview":"max-image-preview:large","max-video-preview":"max-video-preview:-1"},"canonical":"https:\/\/miceth.co.ao\/en\/inovacao\/","og_locale":"en_GB","og_type":"article","og_title":"Inova\u00e7\u00e3o - miceth","og_description":"Inova\u00e7\u00e3o inova\u00e7\u00e3o Por muitos anos, a energia foi reinventada. A partir de pequenas iniciativas, ganhamos experi\u00eancia naquilo que fazemos, n\u00e3o somente em termos de dimens\u00e3o, mas tamb\u00e9m na diversidade e efic\u00e1cia dos produtos que disponibilizamos. Estamos realizando isso atrav\u00e9s do: Colaborando com pesquisadores e alunos de universidades de destaque para investigar e descobrir solu\u00e7\u00f5es para os desafios futuros de energia. Nunca nos conformamos e aceitamos a posi\u00e7\u00e3o de engenheiros a gerentes, sempre enxergando o mundo atrav\u00e9s dos olhos dos nossos clientes e investindo em tecnologia que os favore\u00e7a mais.","og_url":"https:\/\/miceth.co.ao\/en\/inovacao\/","og_site_name":"miceth","article_modified_time":"2024-11-16T00:43:12+00:00","og_image":[{"width":768,"height":432,"url":"https:\/\/miceth.co.ao\/wp-content\/uploads\/2024\/11\/alunos1.jpg","type":"image\/jpeg"}],"twitter_card":"summary_large_image","twitter_misc":{"Estimated reading time":"1 minute"},"schema":{"@context":"https:\/\/schema.org","@graph":[{"@type":"WebPage","@id":"https:\/\/miceth.co.ao\/inovacao\/","url":"https:\/\/miceth.co.ao\/inovacao\/","name":"Inova\u00e7\u00e3o - miceth","isPartOf":{"@id":"https:\/\/miceth.co.ao\/#website"},"primaryImageOfPage":{"@id":"https:\/\/miceth.co.ao\/inovacao\/#primaryimage"},"image":{"@id":"https:\/\/miceth.co.ao\/inovacao\/#primaryimage"},"thumbnailUrl":"https:\/\/miceth.co.ao\/wp-content\/uploads\/2024\/11\/alunos1.jpg","datePublished":"2024-11-13T02:17:04+00:00","dateModified":"2024-11-16T00:43:12+00:00","breadcrumb":{"@id":"https:\/\/miceth.co.ao\/inovacao\/#breadcrumb"},"inLanguage":"en-GB","potentialAction":[{"@type":"ReadAction","target":["https:\/\/miceth.co.ao\/inovacao\/"]}]},{"@type":"ImageObject","inLanguage":"en-GB","@id":"https:\/\/miceth.co.ao\/inovacao\/#primaryimage","url":"https:\/\/miceth.co.ao\/wp-content\/uploads\/2024\/11\/alunos1.jpg","contentUrl":"https:\/\/miceth.co.ao\/wp-content\/uploads\/2024\/11\/alunos1.jpg"},{"@type":"BreadcrumbList","@id":"https:\/\/miceth.co.ao\/inovacao\/#breadcrumb","itemListElement":[{"@type":"ListItem","position":1,"name":"In\u00edcio","item":"https:\/\/miceth.co.ao\/"},{"@type":"ListItem","position":2,"name":"Inova\u00e7\u00e3o"}]},{"@type":"WebSite","@id":"https:\/\/miceth.co.ao\/#website","url":"https:\/\/miceth.co.ao\/","name":"miceth","description":"miceth","publisher":{"@id":"https:\/\/miceth.co.ao\/#organization"},"potentialAction":[{"@type":"SearchAction","target":{"@type":"EntryPoint","urlTemplate":"https:\/\/miceth.co.ao\/?s={search_term_string}"},"query-input":{"@type":"PropertyValueSpecification","valueRequired":true,"valueName":"search_term_string"}}],"inLanguage":"en-GB"},{"@type":"Organization","@id":"https:\/\/miceth.co.ao\/#organization","name":"miceth","url":"https:\/\/miceth.co.ao\/","logo":{"@type":"ImageObject","inLanguage":"en-GB","@id":"https:\/\/miceth.co.ao\/#\/schema\/logo\/image\/","url":"https:\/\/miceth.co.ao\/wp-content\/uploads\/2023\/09\/Logo-2.png.png","contentUrl":"https:\/\/miceth.co.ao\/wp-content\/uploads\/2023\/09\/Logo-2.png.png","width":800,"height":800,"caption":"miceth"},"image":{"@id":"https:\/\/miceth.co.ao\/#\/schema\/logo\/image\/"}}]}},"_links":{"self":[{"href":"https:\/\/miceth.co.ao\/en\/wp-json\/wp\/v2\/pages\/1879","targetHints":{"allow":["GET"]}}],"collection":[{"href":"https:\/\/miceth.co.ao\/en\/wp-json\/wp\/v2\/pages"}],"about":[{"href":"https:\/\/miceth.co.ao\/en\/wp-json\/wp\/v2\/types\/page"}],"author":[{"embeddable":true,"href":"https:\/\/miceth.co.ao\/en\/wp-json\/wp\/v2\/users\/1"}],"replies":[{"embeddable":true,"href":"https:\/\/miceth.co.ao\/en\/wp-json\/wp\/v2\/comments?post=1879"}],"version-history":[{"count":16,"href":"https:\/\/miceth.co.ao\/en\/wp-json\/wp\/v2\/pages\/1879\/revisions"}],"predecessor-version":[{"id":2293,"href":"https:\/\/miceth.co.ao\/en\/wp-json\/wp\/v2\/pages\/1879\/revisions\/2293"}],"wp:attachment":[{"href":"https:\/\/miceth.co.ao\/en\/wp-json\/wp\/v2\/media?parent=1879"}],"curies":[{"name":"wp","href":"https:\/\/api.w.org\/{rel}","templated":true}]}}