{"id":1877,"date":"2024-11-13T02:13:12","date_gmt":"2024-11-13T02:13:12","guid":{"rendered":"https:\/\/miceth.co.ao\/?page_id=1877"},"modified":"2024-11-16T00:22:11","modified_gmt":"2024-11-16T00:22:11","slug":"saude-e-seguranca","status":"publish","type":"page","link":"https:\/\/miceth.co.ao\/en\/saude-e-seguranca\/","title":{"rendered":"Sa\u00fade e Seguran\u00e7a"},"content":{"rendered":"<div data-elementor-type=\"wp-page\" data-elementor-id=\"1877\" class=\"elementor elementor-1877\" data-elementor-post-type=\"page\">\n\t\t\t\t\t\t<section class=\"elementor-section elementor-top-section elementor-element elementor-element-faae4a9 elementor-section-boxed elementor-section-height-default elementor-section-height-default wpr-particle-no wpr-jarallax-no wpr-parallax-no wpr-sticky-section-no wpr-equal-height-no\" data-id=\"faae4a9\" data-element_type=\"section\" data-e-type=\"section\" data-settings=\"{&quot;background_background&quot;:&quot;classic&quot;}\">\n\t\t\t\t\t\t\t<div class=\"elementor-background-overlay\"><\/div>\n\t\t\t\t\t\t\t<div class=\"elementor-container elementor-column-gap-default\">\n\t\t\t\t\t<div class=\"elementor-column elementor-col-100 elementor-top-column elementor-element elementor-element-1f33d38\" data-id=\"1f33d38\" data-element_type=\"column\" data-e-type=\"column\">\n\t\t\t<div class=\"elementor-widget-wrap elementor-element-populated\">\n\t\t\t\t\t\t<div class=\"elementor-element elementor-element-ccb7aa5 elementor-widget elementor-widget-heading\" data-id=\"ccb7aa5\" data-element_type=\"widget\" data-e-type=\"widget\" data-widget_type=\"heading.default\">\n\t\t\t\t<div class=\"elementor-widget-container\">\n\t\t\t\t\t<h2 class=\"elementor-heading-title elementor-size-default\">Sa\u00fade e Seguran\u00e7a<\/h2>\t\t\t\t<\/div>\n\t\t\t\t<\/div>\n\t\t\t\t\t<\/div>\n\t\t<\/div>\n\t\t\t\t\t<\/div>\n\t\t<\/section>\n\t\t\t\t<section class=\"elementor-section elementor-top-section elementor-element elementor-element-2474ac4 elementor-section-boxed elementor-section-height-default elementor-section-height-default wpr-particle-no wpr-jarallax-no wpr-parallax-no wpr-sticky-section-no wpr-equal-height-no\" data-id=\"2474ac4\" data-element_type=\"section\" data-e-type=\"section\">\n\t\t\t\t\t\t<div class=\"elementor-container elementor-column-gap-default\">\n\t\t\t\t\t<div class=\"elementor-column elementor-col-100 elementor-top-column elementor-element elementor-element-e821ec0\" data-id=\"e821ec0\" data-element_type=\"column\" data-e-type=\"column\">\n\t\t\t<div class=\"elementor-widget-wrap elementor-element-populated\">\n\t\t\t\t\t\t<div class=\"elementor-element elementor-element-e065983 elementor-widget elementor-widget-heading\" data-id=\"e065983\" data-element_type=\"widget\" data-e-type=\"widget\" data-widget_type=\"heading.default\">\n\t\t\t\t<div class=\"elementor-widget-container\">\n\t\t\t\t\t<h2 class=\"elementor-heading-title elementor-size-default\">Sa\u00fade e Seguran\u00e7a<\/h2>\t\t\t\t<\/div>\n\t\t\t\t<\/div>\n\t\t\t\t<div class=\"elementor-element elementor-element-0527d1f elementor-widget elementor-widget-text-editor\" data-id=\"0527d1f\" data-element_type=\"widget\" data-e-type=\"widget\" data-widget_type=\"text-editor.default\">\n\t\t\t\t<div class=\"elementor-widget-container\">\n\t\t\t\t\t\t\t\t\t<p>Temos um compromisso total com a seguran\u00e7a, independentemente do local onde atuamos. A nossa cultura de seguran\u00e7a de ponta \u00e9 concebida para minimizar riscos em n\u00edvel mundial. Como parte do nosso sistema de sa\u00fade e seguran\u00e7a, estamos dedicados a: <br \/>* Assegurar o cumprimento das leis e normas locais. <br \/>* Reconhecer e analisar os perigos ligados \u00e0s nossas atividades. <br \/>* Contratar, capacitar e direcionar corretamente os colaboradores. <br \/>* Prover os instrumentos e equipamentos adequados. <br \/>* Analisar regularmente nossas opera\u00e7\u00f5es, sistemas de gest\u00e3o e controles. <br \/>* Habilitar os colaboradores para interromper qualquer atividade arriscada. <br \/>* Incorporar parceiros e fornecedores \u00e0 nossa cultura de seguran\u00e7a. <br \/>* Disseminar conhecimento, tanto internamente quanto externamente, sempre que vi\u00e1vel. Em suma, com a Miceth, a rota segura \u00e9 a \u00fanica op\u00e7\u00e3o.<\/p>\t\t\t\t\t\t\t\t<\/div>\n\t\t\t\t<\/div>\n\t\t\t\t<section class=\"elementor-section elementor-inner-section elementor-element elementor-element-5382d0d elementor-section-boxed elementor-section-height-default elementor-section-height-default wpr-particle-no wpr-jarallax-no wpr-parallax-no wpr-sticky-section-no wpr-equal-height-no\" data-id=\"5382d0d\" data-element_type=\"section\" data-e-type=\"section\">\n\t\t\t\t\t\t<div class=\"elementor-container elementor-column-gap-extended\">\n\t\t\t\t\t<div class=\"elementor-column elementor-col-33 elementor-inner-column elementor-element elementor-element-4cb5253\" data-id=\"4cb5253\" data-element_type=\"column\" data-e-type=\"column\">\n\t\t\t<div class=\"elementor-widget-wrap elementor-element-populated\">\n\t\t\t\t\t\t<div class=\"elementor-element elementor-element-4142169 wpr-promo-box-style-cover elementor-invisible elementor-widget elementor-widget-wpr-promo-box\" data-id=\"4142169\" data-element_type=\"widget\" data-e-type=\"widget\" data-settings=\"{&quot;_animation&quot;:&quot;zoomIn&quot;}\" data-widget_type=\"wpr-promo-box.default\">\n\t\t\t\t<div class=\"elementor-widget-container\">\n\t\t\t\t\t\n\t\t<div class=\"wpr-promo-box wpr-animation-wrap\">\n\n\t\t\t\t\t\t\t\n\t\t\t\t\t\t\t<div class=\"wpr-promo-box-image\">\n\t\t\t\t\t<div class=\"wpr-promo-box-bg-image wpr-bg-anim-zoom-in wpr-anim-timing-ease-default\" style=\"background-image:url(https:\/\/miceth.co.ao\/wp-content\/uploads\/2024\/11\/seguranca1.jpg);\"><\/div>\n\t\t\t\t\t<div class=\"wpr-promo-box-bg-overlay wpr-border-anim-none\"><\/div>\n\t\t\t\t<\/div>\n\t\t\t\t\t\t\n\t\t\t<div class=\"wpr-promo-box-content\">\n\n\t\t\t\t\t\t\t\t<div class=\"wpr-promo-box-icon\">\n\t\t\t\t\t\t\t\t\t<\/div>\n\t\t\t\t\n\t\t\t\t\n\t\t\t\t\n\t\t\t\t\t\t\t<\/div>\n\n\t\t\t\t\t<\/div>\n\n\t\t\t\t\t\t<\/div>\n\t\t\t\t<\/div>\n\t\t\t\t<div class=\"elementor-element elementor-element-622e8a9 wpr-promo-box-style-cover elementor-invisible elementor-widget elementor-widget-wpr-promo-box\" data-id=\"622e8a9\" data-element_type=\"widget\" data-e-type=\"widget\" data-settings=\"{&quot;_animation&quot;:&quot;zoomIn&quot;,&quot;_animation_delay&quot;:300}\" data-widget_type=\"wpr-promo-box.default\">\n\t\t\t\t<div class=\"elementor-widget-container\">\n\t\t\t\t\t\n\t\t<div class=\"wpr-promo-box wpr-animation-wrap\">\n\n\t\t\t\t\t\t\t\n\t\t\t\t\t\t\t<div class=\"wpr-promo-box-image\">\n\t\t\t\t\t<div class=\"wpr-promo-box-bg-image wpr-bg-anim-zoom-in wpr-anim-timing-ease-default\" style=\"background-image:url(https:\/\/miceth.co.ao\/wp-content\/uploads\/2024\/11\/capacitar4.jpg);\"><\/div>\n\t\t\t\t\t<div class=\"wpr-promo-box-bg-overlay wpr-border-anim-none\"><\/div>\n\t\t\t\t<\/div>\n\t\t\t\t\t\t\n\t\t\t<div class=\"wpr-promo-box-content\">\n\n\t\t\t\t\t\t\t\t<div class=\"wpr-promo-box-icon\">\n\t\t\t\t\t\t\t\t\t<\/div>\n\t\t\t\t\n\t\t\t\t\n\t\t\t\t\n\t\t\t\t\t\t\t<\/div>\n\n\t\t\t\t\t<\/div>\n\n\t\t\t\t\t\t<\/div>\n\t\t\t\t<\/div>\n\t\t\t\t\t<\/div>\n\t\t<\/div>\n\t\t\t\t<div class=\"elementor-column elementor-col-33 elementor-inner-column elementor-element elementor-element-e59861d\" data-id=\"e59861d\" data-element_type=\"column\" data-e-type=\"column\">\n\t\t\t<div class=\"elementor-widget-wrap elementor-element-populated\">\n\t\t\t\t\t\t<div class=\"elementor-element elementor-element-05f4575 wpr-promo-box-style-cover elementor-invisible elementor-widget elementor-widget-wpr-promo-box\" data-id=\"05f4575\" data-element_type=\"widget\" data-e-type=\"widget\" data-settings=\"{&quot;_animation&quot;:&quot;zoomIn&quot;,&quot;_animation_delay&quot;:100}\" data-widget_type=\"wpr-promo-box.default\">\n\t\t\t\t<div class=\"elementor-widget-container\">\n\t\t\t\t\t\n\t\t<div class=\"wpr-promo-box wpr-animation-wrap\">\n\n\t\t\t\t\t\t\t\n\t\t\t\t\t\t\t<div class=\"wpr-promo-box-image\">\n\t\t\t\t\t<div class=\"wpr-promo-box-bg-image wpr-bg-anim-zoom-in wpr-anim-timing-ease-default\" style=\"background-image:url(https:\/\/miceth.co.ao\/wp-content\/uploads\/2024\/11\/seg9.jpg);\"><\/div>\n\t\t\t\t\t<div class=\"wpr-promo-box-bg-overlay wpr-border-anim-none\"><\/div>\n\t\t\t\t<\/div>\n\t\t\t\t\t\t\n\t\t\t<div class=\"wpr-promo-box-content\">\n\n\t\t\t\t\t\t\t\t<div class=\"wpr-promo-box-icon\">\n\t\t\t\t\t\t\t\t\t<\/div>\n\t\t\t\t\n\t\t\t\t\n\t\t\t\t\n\t\t\t\t\t\t\t<\/div>\n\n\t\t\t\t\t<\/div>\n\n\t\t\t\t\t\t<\/div>\n\t\t\t\t<\/div>\n\t\t\t\t<div class=\"elementor-element elementor-element-caea7f7 wpr-promo-box-style-cover elementor-invisible elementor-widget elementor-widget-wpr-promo-box\" data-id=\"caea7f7\" data-element_type=\"widget\" data-e-type=\"widget\" data-settings=\"{&quot;_animation&quot;:&quot;zoomIn&quot;,&quot;_animation_delay&quot;:400}\" data-widget_type=\"wpr-promo-box.default\">\n\t\t\t\t<div class=\"elementor-widget-container\">\n\t\t\t\t\t\n\t\t<div class=\"wpr-promo-box wpr-animation-wrap\">\n\n\t\t\t\t\t\t\t\n\t\t\t\t\t\t\t<div class=\"wpr-promo-box-image\">\n\t\t\t\t\t<div class=\"wpr-promo-box-bg-image wpr-bg-anim-zoom-in wpr-anim-timing-ease-default\" style=\"background-image:url(https:\/\/miceth.co.ao\/wp-content\/uploads\/2024\/11\/fechamento-das-medidas-de-seguranca-e-precaucoes_1211661-3173.jpg);\"><\/div>\n\t\t\t\t\t<div class=\"wpr-promo-box-bg-overlay wpr-border-anim-none\"><\/div>\n\t\t\t\t<\/div>\n\t\t\t\t\t\t\n\t\t\t<div class=\"wpr-promo-box-content\">\n\n\t\t\t\t\t\t\t\t<div class=\"wpr-promo-box-icon\">\n\t\t\t\t\t\t\t\t\t<\/div>\n\t\t\t\t\n\t\t\t\t\n\t\t\t\t\n\t\t\t\t\t\t\t<\/div>\n\n\t\t\t\t\t<\/div>\n\n\t\t\t\t\t\t<\/div>\n\t\t\t\t<\/div>\n\t\t\t\t\t<\/div>\n\t\t<\/div>\n\t\t\t\t<div class=\"elementor-column elementor-col-33 elementor-inner-column elementor-element elementor-element-82844a2\" data-id=\"82844a2\" data-element_type=\"column\" data-e-type=\"column\">\n\t\t\t<div class=\"elementor-widget-wrap elementor-element-populated\">\n\t\t\t\t\t\t<div class=\"elementor-element elementor-element-b79804c wpr-promo-box-style-cover elementor-invisible elementor-widget elementor-widget-wpr-promo-box\" data-id=\"b79804c\" data-element_type=\"widget\" data-e-type=\"widget\" data-settings=\"{&quot;_animation&quot;:&quot;zoomIn&quot;,&quot;_animation_delay&quot;:200}\" data-widget_type=\"wpr-promo-box.default\">\n\t\t\t\t<div class=\"elementor-widget-container\">\n\t\t\t\t\t\n\t\t<div class=\"wpr-promo-box wpr-animation-wrap\">\n\n\t\t\t\t\t\t\t\n\t\t\t\t\t\t\t<div class=\"wpr-promo-box-image\">\n\t\t\t\t\t<div class=\"wpr-promo-box-bg-image wpr-bg-anim-zoom-in wpr-anim-timing-ease-default\" style=\"background-image:url(https:\/\/miceth.co.ao\/wp-content\/uploads\/2024\/11\/capacitar1.jpg);\"><\/div>\n\t\t\t\t\t<div class=\"wpr-promo-box-bg-overlay wpr-border-anim-none\"><\/div>\n\t\t\t\t<\/div>\n\t\t\t\t\t\t\n\t\t\t<div class=\"wpr-promo-box-content\">\n\n\t\t\t\t\t\t\t\t<div class=\"wpr-promo-box-icon\">\n\t\t\t\t\t\t\t\t\t<\/div>\n\t\t\t\t\n\t\t\t\t\n\t\t\t\t\n\t\t\t\t\t\t\t<\/div>\n\n\t\t\t\t\t<\/div>\n\n\t\t\t\t\t\t<\/div>\n\t\t\t\t<\/div>\n\t\t\t\t<div class=\"elementor-element elementor-element-84b27aa wpr-promo-box-style-cover elementor-invisible elementor-widget elementor-widget-wpr-promo-box\" data-id=\"84b27aa\" data-element_type=\"widget\" data-e-type=\"widget\" data-settings=\"{&quot;_animation&quot;:&quot;zoomIn&quot;,&quot;_animation_delay&quot;:500}\" data-widget_type=\"wpr-promo-box.default\">\n\t\t\t\t<div class=\"elementor-widget-container\">\n\t\t\t\t\t\n\t\t<div class=\"wpr-promo-box wpr-animation-wrap\">\n\n\t\t\t\t\t\t\t\n\t\t\t\t\t\t\t<div class=\"wpr-promo-box-image\">\n\t\t\t\t\t<div class=\"wpr-promo-box-bg-image wpr-bg-anim-zoom-in wpr-anim-timing-ease-default\" style=\"background-image:url(https:\/\/miceth.co.ao\/wp-content\/uploads\/2024\/11\/seg3.jpg);\"><\/div>\n\t\t\t\t\t<div class=\"wpr-promo-box-bg-overlay wpr-border-anim-none\"><\/div>\n\t\t\t\t<\/div>\n\t\t\t\t\t\t\n\t\t\t<div class=\"wpr-promo-box-content\">\n\n\t\t\t\t\t\t\t\t<div class=\"wpr-promo-box-icon\">\n\t\t\t\t\t\t\t\t\t<\/div>\n\t\t\t\t\n\t\t\t\t\n\t\t\t\t\n\t\t\t\t\t\t\t<\/div>\n\n\t\t\t\t\t<\/div>\n\n\t\t\t\t\t\t<\/div>\n\t\t\t\t<\/div>\n\t\t\t\t\t<\/div>\n\t\t<\/div>\n\t\t\t\t\t<\/div>\n\t\t<\/section>\n\t\t\t\t\t<\/div>\n\t\t<\/div>\n\t\t\t\t\t<\/div>\n\t\t<\/section>\n\t\t\t\t<\/div>","protected":false},"excerpt":{"rendered":"<p>Sa\u00fade e Seguran\u00e7a Sa\u00fade e Seguran\u00e7a Temos um compromisso total com a seguran\u00e7a, independentemente do local onde atuamos. A nossa cultura de seguran\u00e7a de ponta \u00e9 concebida para minimizar riscos em n\u00edvel mundial. Como parte do nosso sistema de sa\u00fade e seguran\u00e7a, estamos dedicados a: * Assegurar o cumprimento das leis e normas locais. * Reconhecer e analisar os perigos ligados \u00e0s nossas atividades. * Contratar, capacitar e direcionar corretamente os colaboradores. * Prover os instrumentos e equipamentos adequados. * Analisar regularmente nossas opera\u00e7\u00f5es, sistemas de gest\u00e3o e controles. * Habilitar os colaboradores para interromper qualquer atividade arriscada. * Incorporar parceiros e fornecedores \u00e0 nossa cultura de seguran\u00e7a. * Disseminar conhecimento, tanto internamente quanto externamente, sempre que vi\u00e1vel. Em suma, com a Miceth, a rota segura \u00e9 a \u00fanica op\u00e7\u00e3o.<\/p>","protected":false},"author":1,"featured_media":0,"parent":0,"menu_order":0,"comment_status":"closed","ping_status":"closed","template":"elementor_canvas","meta":{"footnotes":""},"class_list":["post-1877","page","type-page","status-publish","hentry"],"yoast_head":"<!-- This site is optimized with the Yoast SEO plugin v27.5 - https:\/\/yoast.com\/product\/yoast-seo-wordpress\/ -->\n<title>Sa\u00fade e Seguran\u00e7a - miceth<\/title>\n<meta name=\"robots\" content=\"index, follow, max-snippet:-1, max-image-preview:large, max-video-preview:-1\" \/>\n<link rel=\"canonical\" href=\"https:\/\/miceth.co.ao\/en\/saude-e-seguranca\/\" \/>\n<meta property=\"og:locale\" content=\"en_GB\" \/>\n<meta property=\"og:type\" content=\"article\" \/>\n<meta property=\"og:title\" content=\"Sa\u00fade e Seguran\u00e7a - miceth\" \/>\n<meta property=\"og:description\" content=\"Sa\u00fade e Seguran\u00e7a Sa\u00fade e Seguran\u00e7a Temos um compromisso total com a seguran\u00e7a, independentemente do local onde atuamos. A nossa cultura de seguran\u00e7a de ponta \u00e9 concebida para minimizar riscos em n\u00edvel mundial. Como parte do nosso sistema de sa\u00fade e seguran\u00e7a, estamos dedicados a: * Assegurar o cumprimento das leis e normas locais. * Reconhecer e analisar os perigos ligados \u00e0s nossas atividades. * Contratar, capacitar e direcionar corretamente os colaboradores. * Prover os instrumentos e equipamentos adequados. * Analisar regularmente nossas opera\u00e7\u00f5es, sistemas de gest\u00e3o e controles. * Habilitar os colaboradores para interromper qualquer atividade arriscada. * Incorporar parceiros e fornecedores \u00e0 nossa cultura de seguran\u00e7a. * Disseminar conhecimento, tanto internamente quanto externamente, sempre que vi\u00e1vel. Em suma, com a Miceth, a rota segura \u00e9 a \u00fanica op\u00e7\u00e3o.\" \/>\n<meta property=\"og:url\" content=\"https:\/\/miceth.co.ao\/en\/saude-e-seguranca\/\" \/>\n<meta property=\"og:site_name\" content=\"miceth\" \/>\n<meta property=\"article:modified_time\" content=\"2024-11-16T00:22:11+00:00\" \/>\n<meta name=\"twitter:card\" content=\"summary_large_image\" \/>\n<meta name=\"twitter:label1\" content=\"Estimated reading time\" \/>\n\t<meta name=\"twitter:data1\" content=\"1 minute\" \/>\n<script type=\"application\/ld+json\" class=\"yoast-schema-graph\">{\"@context\":\"https:\\\/\\\/schema.org\",\"@graph\":[{\"@type\":\"WebPage\",\"@id\":\"https:\\\/\\\/miceth.co.ao\\\/saude-e-seguranca\\\/\",\"url\":\"https:\\\/\\\/miceth.co.ao\\\/saude-e-seguranca\\\/\",\"name\":\"Sa\u00fade e Seguran\u00e7a - miceth\",\"isPartOf\":{\"@id\":\"https:\\\/\\\/miceth.co.ao\\\/#website\"},\"datePublished\":\"2024-11-13T02:13:12+00:00\",\"dateModified\":\"2024-11-16T00:22:11+00:00\",\"breadcrumb\":{\"@id\":\"https:\\\/\\\/miceth.co.ao\\\/saude-e-seguranca\\\/#breadcrumb\"},\"inLanguage\":\"en-GB\",\"potentialAction\":[{\"@type\":\"ReadAction\",\"target\":[\"https:\\\/\\\/miceth.co.ao\\\/saude-e-seguranca\\\/\"]}]},{\"@type\":\"BreadcrumbList\",\"@id\":\"https:\\\/\\\/miceth.co.ao\\\/saude-e-seguranca\\\/#breadcrumb\",\"itemListElement\":[{\"@type\":\"ListItem\",\"position\":1,\"name\":\"In\u00edcio\",\"item\":\"https:\\\/\\\/miceth.co.ao\\\/\"},{\"@type\":\"ListItem\",\"position\":2,\"name\":\"Sa\u00fade e Seguran\u00e7a\"}]},{\"@type\":\"WebSite\",\"@id\":\"https:\\\/\\\/miceth.co.ao\\\/#website\",\"url\":\"https:\\\/\\\/miceth.co.ao\\\/\",\"name\":\"miceth\",\"description\":\"miceth\",\"publisher\":{\"@id\":\"https:\\\/\\\/miceth.co.ao\\\/#organization\"},\"potentialAction\":[{\"@type\":\"SearchAction\",\"target\":{\"@type\":\"EntryPoint\",\"urlTemplate\":\"https:\\\/\\\/miceth.co.ao\\\/?s={search_term_string}\"},\"query-input\":{\"@type\":\"PropertyValueSpecification\",\"valueRequired\":true,\"valueName\":\"search_term_string\"}}],\"inLanguage\":\"en-GB\"},{\"@type\":\"Organization\",\"@id\":\"https:\\\/\\\/miceth.co.ao\\\/#organization\",\"name\":\"miceth\",\"url\":\"https:\\\/\\\/miceth.co.ao\\\/\",\"logo\":{\"@type\":\"ImageObject\",\"inLanguage\":\"en-GB\",\"@id\":\"https:\\\/\\\/miceth.co.ao\\\/#\\\/schema\\\/logo\\\/image\\\/\",\"url\":\"https:\\\/\\\/miceth.co.ao\\\/wp-content\\\/uploads\\\/2023\\\/09\\\/Logo-2.png.png\",\"contentUrl\":\"https:\\\/\\\/miceth.co.ao\\\/wp-content\\\/uploads\\\/2023\\\/09\\\/Logo-2.png.png\",\"width\":800,\"height\":800,\"caption\":\"miceth\"},\"image\":{\"@id\":\"https:\\\/\\\/miceth.co.ao\\\/#\\\/schema\\\/logo\\\/image\\\/\"}}]}<\/script>\n<!-- \/ Yoast SEO plugin. -->","yoast_head_json":{"title":"Sa\u00fade e Seguran\u00e7a - miceth","robots":{"index":"index","follow":"follow","max-snippet":"max-snippet:-1","max-image-preview":"max-image-preview:large","max-video-preview":"max-video-preview:-1"},"canonical":"https:\/\/miceth.co.ao\/en\/saude-e-seguranca\/","og_locale":"en_GB","og_type":"article","og_title":"Sa\u00fade e Seguran\u00e7a - miceth","og_description":"Sa\u00fade e Seguran\u00e7a Sa\u00fade e Seguran\u00e7a Temos um compromisso total com a seguran\u00e7a, independentemente do local onde atuamos. A nossa cultura de seguran\u00e7a de ponta \u00e9 concebida para minimizar riscos em n\u00edvel mundial. Como parte do nosso sistema de sa\u00fade e seguran\u00e7a, estamos dedicados a: * Assegurar o cumprimento das leis e normas locais. * Reconhecer e analisar os perigos ligados \u00e0s nossas atividades. * Contratar, capacitar e direcionar corretamente os colaboradores. * Prover os instrumentos e equipamentos adequados. * Analisar regularmente nossas opera\u00e7\u00f5es, sistemas de gest\u00e3o e controles. * Habilitar os colaboradores para interromper qualquer atividade arriscada. * Incorporar parceiros e fornecedores \u00e0 nossa cultura de seguran\u00e7a. * Disseminar conhecimento, tanto internamente quanto externamente, sempre que vi\u00e1vel. Em suma, com a Miceth, a rota segura \u00e9 a \u00fanica op\u00e7\u00e3o.","og_url":"https:\/\/miceth.co.ao\/en\/saude-e-seguranca\/","og_site_name":"miceth","article_modified_time":"2024-11-16T00:22:11+00:00","twitter_card":"summary_large_image","twitter_misc":{"Estimated reading time":"1 minute"},"schema":{"@context":"https:\/\/schema.org","@graph":[{"@type":"WebPage","@id":"https:\/\/miceth.co.ao\/saude-e-seguranca\/","url":"https:\/\/miceth.co.ao\/saude-e-seguranca\/","name":"Sa\u00fade e Seguran\u00e7a - miceth","isPartOf":{"@id":"https:\/\/miceth.co.ao\/#website"},"datePublished":"2024-11-13T02:13:12+00:00","dateModified":"2024-11-16T00:22:11+00:00","breadcrumb":{"@id":"https:\/\/miceth.co.ao\/saude-e-seguranca\/#breadcrumb"},"inLanguage":"en-GB","potentialAction":[{"@type":"ReadAction","target":["https:\/\/miceth.co.ao\/saude-e-seguranca\/"]}]},{"@type":"BreadcrumbList","@id":"https:\/\/miceth.co.ao\/saude-e-seguranca\/#breadcrumb","itemListElement":[{"@type":"ListItem","position":1,"name":"In\u00edcio","item":"https:\/\/miceth.co.ao\/"},{"@type":"ListItem","position":2,"name":"Sa\u00fade e Seguran\u00e7a"}]},{"@type":"WebSite","@id":"https:\/\/miceth.co.ao\/#website","url":"https:\/\/miceth.co.ao\/","name":"miceth","description":"miceth","publisher":{"@id":"https:\/\/miceth.co.ao\/#organization"},"potentialAction":[{"@type":"SearchAction","target":{"@type":"EntryPoint","urlTemplate":"https:\/\/miceth.co.ao\/?s={search_term_string}"},"query-input":{"@type":"PropertyValueSpecification","valueRequired":true,"valueName":"search_term_string"}}],"inLanguage":"en-GB"},{"@type":"Organization","@id":"https:\/\/miceth.co.ao\/#organization","name":"miceth","url":"https:\/\/miceth.co.ao\/","logo":{"@type":"ImageObject","inLanguage":"en-GB","@id":"https:\/\/miceth.co.ao\/#\/schema\/logo\/image\/","url":"https:\/\/miceth.co.ao\/wp-content\/uploads\/2023\/09\/Logo-2.png.png","contentUrl":"https:\/\/miceth.co.ao\/wp-content\/uploads\/2023\/09\/Logo-2.png.png","width":800,"height":800,"caption":"miceth"},"image":{"@id":"https:\/\/miceth.co.ao\/#\/schema\/logo\/image\/"}}]}},"_links":{"self":[{"href":"https:\/\/miceth.co.ao\/en\/wp-json\/wp\/v2\/pages\/1877","targetHints":{"allow":["GET"]}}],"collection":[{"href":"https:\/\/miceth.co.ao\/en\/wp-json\/wp\/v2\/pages"}],"about":[{"href":"https:\/\/miceth.co.ao\/en\/wp-json\/wp\/v2\/types\/page"}],"author":[{"embeddable":true,"href":"https:\/\/miceth.co.ao\/en\/wp-json\/wp\/v2\/users\/1"}],"replies":[{"embeddable":true,"href":"https:\/\/miceth.co.ao\/en\/wp-json\/wp\/v2\/comments?post=1877"}],"version-history":[{"count":25,"href":"https:\/\/miceth.co.ao\/en\/wp-json\/wp\/v2\/pages\/1877\/revisions"}],"predecessor-version":[{"id":2270,"href":"https:\/\/miceth.co.ao\/en\/wp-json\/wp\/v2\/pages\/1877\/revisions\/2270"}],"wp:attachment":[{"href":"https:\/\/miceth.co.ao\/en\/wp-json\/wp\/v2\/media?parent=1877"}],"curies":[{"name":"wp","href":"https:\/\/api.w.org\/{rel}","templated":true}]}}