{"id":1830,"date":"2023-09-06T14:07:30","date_gmt":"2023-09-06T14:07:30","guid":{"rendered":"https:\/\/demosites.royal-elementor-addons.com\/solar-energy-v1\/?page_id=9"},"modified":"2024-11-24T19:58:58","modified_gmt":"2024-11-24T19:58:58","slug":"quem-somos","status":"publish","type":"page","link":"https:\/\/miceth.co.ao\/en\/quem-somos\/","title":{"rendered":"Quem somos"},"content":{"rendered":"<div data-elementor-type=\"wp-page\" data-elementor-id=\"1830\" class=\"elementor elementor-1830\" data-elementor-post-type=\"page\">\n\t\t\t\t\t\t<section class=\"elementor-section elementor-top-section elementor-element elementor-element-5170393 elementor-section-boxed elementor-section-height-default elementor-section-height-default wpr-particle-no wpr-jarallax-no wpr-parallax-no wpr-sticky-section-no wpr-equal-height-no\" data-id=\"5170393\" data-element_type=\"section\" data-e-type=\"section\" data-settings=\"{&quot;background_background&quot;:&quot;classic&quot;}\">\n\t\t\t\t\t\t\t<div class=\"elementor-background-overlay\"><\/div>\n\t\t\t\t\t\t\t<div class=\"elementor-container elementor-column-gap-default\">\n\t\t\t\t\t<div class=\"elementor-column elementor-col-100 elementor-top-column elementor-element elementor-element-c53ab0d\" data-id=\"c53ab0d\" data-element_type=\"column\" data-e-type=\"column\">\n\t\t\t<div class=\"elementor-widget-wrap elementor-element-populated\">\n\t\t\t\t\t\t<div class=\"elementor-element elementor-element-b709dc4 elementor-widget elementor-widget-heading\" data-id=\"b709dc4\" data-element_type=\"widget\" data-e-type=\"widget\" data-widget_type=\"heading.default\">\n\t\t\t\t<div class=\"elementor-widget-container\">\n\t\t\t\t\t<h2 class=\"elementor-heading-title elementor-size-default\">Quem  somos<\/h2>\t\t\t\t<\/div>\n\t\t\t\t<\/div>\n\t\t\t\t\t<\/div>\n\t\t<\/div>\n\t\t\t\t\t<\/div>\n\t\t<\/section>\n\t\t\t\t<section class=\"elementor-section elementor-top-section elementor-element elementor-element-dbd083e elementor-section-boxed elementor-section-height-default elementor-section-height-default wpr-particle-no wpr-jarallax-no wpr-parallax-no wpr-sticky-section-no wpr-equal-height-no\" data-id=\"dbd083e\" data-element_type=\"section\" data-e-type=\"section\">\n\t\t\t\t\t\t<div class=\"elementor-container elementor-column-gap-wide\">\n\t\t\t\t\t<div class=\"elementor-column elementor-col-50 elementor-top-column elementor-element elementor-element-6d62b65 elementor-invisible\" data-id=\"6d62b65\" data-element_type=\"column\" data-e-type=\"column\" data-settings=\"{&quot;animation&quot;:&quot;slideInLeft&quot;}\">\n\t\t\t<div class=\"elementor-widget-wrap elementor-element-populated\">\n\t\t\t\t\t\t<div class=\"elementor-element elementor-element-4d61d9f elementor-widget elementor-widget-heading\" data-id=\"4d61d9f\" data-element_type=\"widget\" data-e-type=\"widget\" data-widget_type=\"heading.default\">\n\t\t\t\t<div class=\"elementor-widget-container\">\n\t\t\t\t\t<h2 class=\"elementor-heading-title elementor-size-default\">Quem somos<\/h2>\t\t\t\t<\/div>\n\t\t\t\t<\/div>\n\t\t\t\t<div class=\"elementor-element elementor-element-53ddd04 elementor-widget elementor-widget-text-editor\" data-id=\"53ddd04\" data-element_type=\"widget\" data-e-type=\"widget\" data-widget_type=\"text-editor.default\">\n\t\t\t\t<div class=\"elementor-widget-container\">\n\t\t\t\t\t\t\t\t\t<p>A empresa MICETH- Presta\u00e7\u00e3o de Servi\u00e7os (SU) LDA,\u00a0 vem sendo uma sociedade de refer\u00eancia no ramo de arrendamento de equipamentos, abrangendo os polos Onshore e Offshore.<br \/>O nosso objectivo \u00e9 atender as necessidades das empresas de pequeno, m\u00e9dio e grande porte em diversos sectores de actividades, desempenhando com foco em seguran\u00e7a e qualidade dos nossos servi\u00e7os.<br \/>Oferecemos aos nossos clientes um acompanhamento t\u00e9cnico especializado desde transporte, instala\u00e7\u00e3o\/desinstala\u00e7\u00e3o, manuten\u00e7\u00e3o e repara\u00e7\u00e3o de todos os equipamentos.<br \/>Estamos neste mercado com o intuito de satisfazer os nossos clientes, para isto ouvimos suas ideias formando parcerias s\u00f3lidas e duradouras.<\/p>\t\t\t\t\t\t\t\t<\/div>\n\t\t\t\t<\/div>\n\t\t\t\t\t<\/div>\n\t\t<\/div>\n\t\t\t\t<div class=\"elementor-column elementor-col-50 elementor-top-column elementor-element elementor-element-222b6ab elementor-invisible\" data-id=\"222b6ab\" data-element_type=\"column\" data-e-type=\"column\" data-settings=\"{&quot;animation&quot;:&quot;slideInRight&quot;}\">\n\t\t\t<div class=\"elementor-widget-wrap elementor-element-populated\">\n\t\t\t\t\t\t<div class=\"elementor-element elementor-element-4050e09 elementor-widget elementor-widget-image\" data-id=\"4050e09\" data-element_type=\"widget\" data-e-type=\"widget\" data-widget_type=\"image.default\">\n\t\t\t\t<div class=\"elementor-widget-container\">\n\t\t\t\t\t\t\t\t\t\t\t\t\t\t\t<img fetchpriority=\"high\" decoding=\"async\" width=\"960\" height=\"538\" src=\"https:\/\/miceth.co.ao\/wp-content\/uploads\/2024\/11\/retrato-de-mulheres-diversas-juntas_23-2151682145.avif\" class=\"attachment-large size-large wp-image-2183\" alt=\"\" srcset=\"https:\/\/miceth.co.ao\/wp-content\/uploads\/2024\/11\/retrato-de-mulheres-diversas-juntas_23-2151682145.avif 996w, https:\/\/miceth.co.ao\/wp-content\/uploads\/2024\/11\/retrato-de-mulheres-diversas-juntas_23-2151682145-300x168.avif 300w, https:\/\/miceth.co.ao\/wp-content\/uploads\/2024\/11\/retrato-de-mulheres-diversas-juntas_23-2151682145-768x430.avif 768w, https:\/\/miceth.co.ao\/wp-content\/uploads\/2024\/11\/retrato-de-mulheres-diversas-juntas_23-2151682145-18x10.avif 18w\" sizes=\"(max-width: 960px) 100vw, 960px\" \/>\t\t\t\t\t\t\t\t\t\t\t\t\t\t\t<\/div>\n\t\t\t\t<\/div>\n\t\t\t\t\t<\/div>\n\t\t<\/div>\n\t\t\t\t\t<\/div>\n\t\t<\/section>\n\t\t\t\t<section class=\"elementor-section elementor-top-section elementor-element elementor-element-254503500 elementor-section-boxed elementor-section-height-default elementor-section-height-default wpr-particle-no wpr-jarallax-no wpr-parallax-no wpr-sticky-section-no wpr-equal-height-no\" data-id=\"254503500\" data-element_type=\"section\" data-e-type=\"section\">\n\t\t\t\t\t\t<div class=\"elementor-container elementor-column-gap-default\">\n\t\t\t\t\t<div class=\"elementor-column elementor-col-100 elementor-top-column elementor-element elementor-element-7aeed2b7\" data-id=\"7aeed2b7\" data-element_type=\"column\" data-e-type=\"column\">\n\t\t\t<div class=\"elementor-widget-wrap elementor-element-populated\">\n\t\t\t\t\t\t<div class=\"elementor-element elementor-element-6a4c37ca wpr-tabs-position-above wpr-tabs-hr-position-justify wpr-tabs-icon-position-left elementor-widget elementor-widget-wpr-tabs\" data-id=\"6a4c37ca\" data-element_type=\"widget\" data-e-type=\"widget\" data-settings=\"{&quot;tab_transition_duration&quot;:0.1}\" data-widget_type=\"wpr-tabs.default\">\n\t\t\t\t<div class=\"elementor-widget-container\">\n\t\t\t\t\t\t\t\n\t\t<div class=\"wpr-tabs\" data-options=\"{&quot;activeTab&quot;:1,&quot;trigger&quot;:&quot;click&quot;,&quot;autoplay&quot;:&quot;&quot;,&quot;autoplaySpeed&quot;:1000}\">\n\t\t\t\n\t\t\t<div class=\"wpr-tabs-wrap\">\n\t\t\t\t\n\t\t\t\t<div id=\"wpr-tab-1781\" class=\"wpr-tab elementor-repeater-item-d0eb03c\" data-tab=\"1\">\n\t\t\t\t\t\n\t\t\t\t\t\t\t\t\t\t<div class=\"wpr-tab-title\">Vis\u00e3o<\/div>\n\t\t\t\t\t\n\t\t\t\t\t\t\t\t\t\t<div class=\"wpr-tab-icon\">\n\t\t\t\t\t\t<i class=\"far fa-eye\"><\/i>\n\t\t\t\t\t<\/div>\n\t\t\t\t\t\t\t\t\t\n\t\t\t\t<\/div>\n\n\t\t\t\t\n\t\t\t\t<div id=\"wpr-tab-1782\" class=\"wpr-tab elementor-repeater-item-681e992\" data-tab=\"2\">\n\t\t\t\t\t\n\t\t\t\t\t\t\t\t\t\t<div class=\"wpr-tab-title\">Miss\u00e3o<\/div>\n\t\t\t\t\t\n\t\t\t\t\t\t\t\t\t\t<div class=\"wpr-tab-icon\">\n\t\t\t\t\t\t<i class=\"icon icon-energy-saving\"><\/i>\n\t\t\t\t\t<\/div>\n\t\t\t\t\t\t\t\t\t\n\t\t\t\t<\/div>\n\n\t\t\t\t\n\t\t\t\t<div id=\"wpr-tab-1783\" class=\"wpr-tab elementor-repeater-item-9a1e2e4\" data-tab=\"3\">\n\t\t\t\t\t\n\t\t\t\t\t\t\t\t\t\t<div class=\"wpr-tab-title\">Valores<\/div>\n\t\t\t\t\t\n\t\t\t\t\t\t\t\t\t\t<div class=\"wpr-tab-icon\">\n\t\t\t\t\t\t<i class=\"fas fa-people-arrows\"><\/i>\n\t\t\t\t\t<\/div>\n\t\t\t\t\t\t\t\t\t\n\t\t\t\t<\/div>\n\n\t\t\t\t\t\t\t<\/div>\n\n\t\t\t<div class=\"wpr-tabs-content-wrap\">\n\t\t\t\t\n\t\t\t\t<div id=\"wpr-tab-content-1781\" class=\"wpr-tab-content elementor-repeater-item-d0eb03c\" data-tab=\"1\">\n\t\t\t\t\t<div class=\"wpr-tab-content-inner elementor-clearfix wpr-anim-size-large wpr-overlay-fade-in\"><p>Visamos melhorar nossos relacionamentos aos clientes com base no melhor atendimento e redu\u00e7\u00e3o de custos nas elabora\u00e7\u00f5es dos projectos. (Ser a refer\u00eancia em solu\u00e7\u00f5es de energia confi\u00e1veis e acess\u00edveis, garantindo que nossos clientes tenham sempre acesso \u00e0 energia necess\u00e1ria, independentemente das circunst\u00e2ncias, e contribuindo para um futuro sustent\u00e1vel.)<\/p><\/div>\t\t\t\t<\/div>\n\n\t\t\t\t\n\t\t\t\t<div id=\"wpr-tab-content-1782\" class=\"wpr-tab-content elementor-repeater-item-681e992\" data-tab=\"2\">\n\t\t\t\t\t<div class=\"wpr-tab-content-inner elementor-clearfix wpr-anim-size-large wpr-overlay-fade-in\"><p>A nossa miss\u00e3o \u00e9 atender as necessidades das empresas de pequeno, m\u00e9dio e grande porte em diversos sectores de actividades, desempenhando com foco em seguran\u00e7a e qualidade dos nossos servi\u00e7os. (Fornecer solu\u00e7\u00f5es de energia eficientes e confi\u00e1veis por meio do aluguer de geradores de alta qualidade, garantindo a continuidade das opera\u00e7\u00f5es de nossos clientes em qualquer situa\u00e7\u00e3o, com excelente atendimento e compromisso com a sustentabilidade)<\/p><\/div>\t\t\t\t<\/div>\n\n\t\t\t\t\n\t\t\t\t<div id=\"wpr-tab-content-1783\" class=\"wpr-tab-content elementor-repeater-item-9a1e2e4\" data-tab=\"3\">\n\t\t\t\t\t<div class=\"wpr-tab-content-inner elementor-clearfix wpr-anim-size-large wpr-overlay-fade-in\"><p>Seguran\u00e7a: Dar prioridade \u00e0 prote\u00e7\u00e3o de colaboradores, clientes e comunidades. <br \/>Integridade: Comportar-se com integridade e clareza em todas as rela\u00e7\u00f5es. ... <br \/>Inova\u00e7\u00e3o: Procurar incessantemente respostas inovadoras e eficientes para as dificuldades dos clientes. \"<br \/>Sustentabilidade: Comprometimento com a\u00e7\u00f5es que salvaguardem o meio ambiente e fomentem a responsabilidade social.<br \/>Excel\u00eancia no Servi\u00e7o: Proporcionar assist\u00eancia excepcional e solu\u00e7\u00f5es customizadas para satisfazer as demandas dos clientes.<\/p><\/div>\t\t\t\t<\/div>\n\n\t\t\t\t\t\t\t<\/div>\n\n\t\t<\/div>\n\n\t\t\t\t\t\t<\/div>\n\t\t\t\t<\/div>\n\t\t\t\t\t<\/div>\n\t\t<\/div>\n\t\t\t\t\t<\/div>\n\t\t<\/section>\n\t\t\t\t<\/div>","protected":false},"excerpt":{"rendered":"<p>Quem somos Quem somos A empresa MICETH- Presta\u00e7\u00e3o de Servi\u00e7os (SU) LDA,\u00a0 vem sendo uma sociedade de refer\u00eancia no ramo de arrendamento de equipamentos, abrangendo os polos Onshore e Offshore.O nosso objectivo \u00e9 atender as necessidades das empresas de pequeno, m\u00e9dio e grande porte em diversos sectores de actividades, desempenhando com foco em seguran\u00e7a e qualidade dos nossos servi\u00e7os.Oferecemos aos nossos clientes um acompanhamento t\u00e9cnico especializado desde transporte, instala\u00e7\u00e3o\/desinstala\u00e7\u00e3o, manuten\u00e7\u00e3o e repara\u00e7\u00e3o de todos os equipamentos.Estamos neste mercado com o intuito de satisfazer os nossos clientes, para isto ouvimos suas ideias formando parcerias s\u00f3lidas e duradouras. Vis\u00e3o Miss\u00e3o Valores Visamos melhorar nossos relacionamentos aos clientes com base no melhor atendimento e redu\u00e7\u00e3o de custos nas elabora\u00e7\u00f5es dos projectos. (Ser a refer\u00eancia em solu\u00e7\u00f5es de energia confi\u00e1veis e acess\u00edveis, garantindo que nossos clientes tenham sempre acesso \u00e0 energia necess\u00e1ria, independentemente das circunst\u00e2ncias, e contribuindo para um futuro sustent\u00e1vel.) A nossa miss\u00e3o \u00e9 atender as necessidades das empresas de pequeno, m\u00e9dio e grande porte em diversos sectores de actividades, desempenhando com foco em seguran\u00e7a e qualidade dos nossos servi\u00e7os. (Fornecer solu\u00e7\u00f5es de energia eficientes e confi\u00e1veis por meio do aluguer de geradores de alta qualidade, garantindo a continuidade das opera\u00e7\u00f5es de nossos clientes em qualquer situa\u00e7\u00e3o, com excelente atendimento e compromisso com a sustentabilidade) Seguran\u00e7a: Dar prioridade \u00e0 prote\u00e7\u00e3o de colaboradores, clientes e comunidades. Integridade: Comportar-se com integridade e clareza em todas as rela\u00e7\u00f5es. &#8230; Inova\u00e7\u00e3o: Procurar incessantemente respostas inovadoras e eficientes para as dificuldades dos clientes. &#8220;Sustentabilidade: Comprometimento com a\u00e7\u00f5es que salvaguardem o meio ambiente e fomentem a responsabilidade social.Excel\u00eancia no Servi\u00e7o: Proporcionar assist\u00eancia excepcional e solu\u00e7\u00f5es customizadas para satisfazer as demandas dos clientes.<\/p>","protected":false},"author":1,"featured_media":0,"parent":0,"menu_order":0,"comment_status":"closed","ping_status":"closed","template":"elementor_canvas","meta":{"footnotes":""},"class_list":["post-1830","page","type-page","status-publish","hentry"],"yoast_head":"<!-- This site is optimized with the Yoast SEO plugin v27.5 - https:\/\/yoast.com\/product\/yoast-seo-wordpress\/ -->\n<title>Quem somos - miceth<\/title>\n<meta name=\"robots\" content=\"index, follow, max-snippet:-1, max-image-preview:large, max-video-preview:-1\" \/>\n<link rel=\"canonical\" href=\"https:\/\/miceth.co.ao\/en\/quem-somos\/\" \/>\n<meta property=\"og:locale\" content=\"en_GB\" \/>\n<meta property=\"og:type\" content=\"article\" \/>\n<meta property=\"og:title\" content=\"Quem somos - miceth\" \/>\n<meta property=\"og:description\" content=\"Quem somos Quem somos A empresa MICETH- Presta\u00e7\u00e3o de Servi\u00e7os (SU) LDA,\u00a0 vem sendo uma sociedade de refer\u00eancia no ramo de arrendamento de equipamentos, abrangendo os polos Onshore e Offshore.O nosso objectivo \u00e9 atender as necessidades das empresas de pequeno, m\u00e9dio e grande porte em diversos sectores de actividades, desempenhando com foco em seguran\u00e7a e qualidade dos nossos servi\u00e7os.Oferecemos aos nossos clientes um acompanhamento t\u00e9cnico especializado desde transporte, instala\u00e7\u00e3o\/desinstala\u00e7\u00e3o, manuten\u00e7\u00e3o e repara\u00e7\u00e3o de todos os equipamentos.Estamos neste mercado com o intuito de satisfazer os nossos clientes, para isto ouvimos suas ideias formando parcerias s\u00f3lidas e duradouras. Vis\u00e3o Miss\u00e3o Valores Visamos melhorar nossos relacionamentos aos clientes com base no melhor atendimento e redu\u00e7\u00e3o de custos nas elabora\u00e7\u00f5es dos projectos. (Ser a refer\u00eancia em solu\u00e7\u00f5es de energia confi\u00e1veis e acess\u00edveis, garantindo que nossos clientes tenham sempre acesso \u00e0 energia necess\u00e1ria, independentemente das circunst\u00e2ncias, e contribuindo para um futuro sustent\u00e1vel.) A nossa miss\u00e3o \u00e9 atender as necessidades das empresas de pequeno, m\u00e9dio e grande porte em diversos sectores de actividades, desempenhando com foco em seguran\u00e7a e qualidade dos nossos servi\u00e7os. (Fornecer solu\u00e7\u00f5es de energia eficientes e confi\u00e1veis por meio do aluguer de geradores de alta qualidade, garantindo a continuidade das opera\u00e7\u00f5es de nossos clientes em qualquer situa\u00e7\u00e3o, com excelente atendimento e compromisso com a sustentabilidade) Seguran\u00e7a: Dar prioridade \u00e0 prote\u00e7\u00e3o de colaboradores, clientes e comunidades. Integridade: Comportar-se com integridade e clareza em todas as rela\u00e7\u00f5es. &#8230; Inova\u00e7\u00e3o: Procurar incessantemente respostas inovadoras e eficientes para as dificuldades dos clientes. &#8220;Sustentabilidade: Comprometimento com a\u00e7\u00f5es que salvaguardem o meio ambiente e fomentem a responsabilidade social.Excel\u00eancia no Servi\u00e7o: Proporcionar assist\u00eancia excepcional e solu\u00e7\u00f5es customizadas para satisfazer as demandas dos clientes.\" \/>\n<meta property=\"og:url\" content=\"https:\/\/miceth.co.ao\/en\/quem-somos\/\" \/>\n<meta property=\"og:site_name\" content=\"miceth\" \/>\n<meta property=\"article:modified_time\" content=\"2024-11-24T19:58:58+00:00\" \/>\n<meta name=\"twitter:card\" content=\"summary_large_image\" \/>\n<meta name=\"twitter:label1\" content=\"Estimated reading time\" \/>\n\t<meta name=\"twitter:data1\" content=\"2 minutes\" \/>\n<script type=\"application\/ld+json\" class=\"yoast-schema-graph\">{\"@context\":\"https:\\\/\\\/schema.org\",\"@graph\":[{\"@type\":\"WebPage\",\"@id\":\"https:\\\/\\\/miceth.co.ao\\\/quem-somos\\\/\",\"url\":\"https:\\\/\\\/miceth.co.ao\\\/quem-somos\\\/\",\"name\":\"Quem somos - miceth\",\"isPartOf\":{\"@id\":\"https:\\\/\\\/miceth.co.ao\\\/#website\"},\"primaryImageOfPage\":{\"@id\":\"https:\\\/\\\/miceth.co.ao\\\/quem-somos\\\/#primaryimage\"},\"image\":{\"@id\":\"https:\\\/\\\/miceth.co.ao\\\/quem-somos\\\/#primaryimage\"},\"thumbnailUrl\":\"https:\\\/\\\/miceth.co.ao\\\/wp-content\\\/uploads\\\/2024\\\/11\\\/retrato-de-mulheres-diversas-juntas_23-2151682145.avif\",\"datePublished\":\"2023-09-06T14:07:30+00:00\",\"dateModified\":\"2024-11-24T19:58:58+00:00\",\"breadcrumb\":{\"@id\":\"https:\\\/\\\/miceth.co.ao\\\/quem-somos\\\/#breadcrumb\"},\"inLanguage\":\"en-GB\",\"potentialAction\":[{\"@type\":\"ReadAction\",\"target\":[\"https:\\\/\\\/miceth.co.ao\\\/quem-somos\\\/\"]}]},{\"@type\":\"ImageObject\",\"inLanguage\":\"en-GB\",\"@id\":\"https:\\\/\\\/miceth.co.ao\\\/quem-somos\\\/#primaryimage\",\"url\":\"https:\\\/\\\/miceth.co.ao\\\/wp-content\\\/uploads\\\/2024\\\/11\\\/retrato-de-mulheres-diversas-juntas_23-2151682145.avif\",\"contentUrl\":\"https:\\\/\\\/miceth.co.ao\\\/wp-content\\\/uploads\\\/2024\\\/11\\\/retrato-de-mulheres-diversas-juntas_23-2151682145.avif\"},{\"@type\":\"BreadcrumbList\",\"@id\":\"https:\\\/\\\/miceth.co.ao\\\/quem-somos\\\/#breadcrumb\",\"itemListElement\":[{\"@type\":\"ListItem\",\"position\":1,\"name\":\"In\u00edcio\",\"item\":\"https:\\\/\\\/miceth.co.ao\\\/\"},{\"@type\":\"ListItem\",\"position\":2,\"name\":\"Quem somos\"}]},{\"@type\":\"WebSite\",\"@id\":\"https:\\\/\\\/miceth.co.ao\\\/#website\",\"url\":\"https:\\\/\\\/miceth.co.ao\\\/\",\"name\":\"miceth\",\"description\":\"miceth\",\"publisher\":{\"@id\":\"https:\\\/\\\/miceth.co.ao\\\/#organization\"},\"potentialAction\":[{\"@type\":\"SearchAction\",\"target\":{\"@type\":\"EntryPoint\",\"urlTemplate\":\"https:\\\/\\\/miceth.co.ao\\\/?s={search_term_string}\"},\"query-input\":{\"@type\":\"PropertyValueSpecification\",\"valueRequired\":true,\"valueName\":\"search_term_string\"}}],\"inLanguage\":\"en-GB\"},{\"@type\":\"Organization\",\"@id\":\"https:\\\/\\\/miceth.co.ao\\\/#organization\",\"name\":\"miceth\",\"url\":\"https:\\\/\\\/miceth.co.ao\\\/\",\"logo\":{\"@type\":\"ImageObject\",\"inLanguage\":\"en-GB\",\"@id\":\"https:\\\/\\\/miceth.co.ao\\\/#\\\/schema\\\/logo\\\/image\\\/\",\"url\":\"https:\\\/\\\/miceth.co.ao\\\/wp-content\\\/uploads\\\/2023\\\/09\\\/Logo-2.png.png\",\"contentUrl\":\"https:\\\/\\\/miceth.co.ao\\\/wp-content\\\/uploads\\\/2023\\\/09\\\/Logo-2.png.png\",\"width\":800,\"height\":800,\"caption\":\"miceth\"},\"image\":{\"@id\":\"https:\\\/\\\/miceth.co.ao\\\/#\\\/schema\\\/logo\\\/image\\\/\"}}]}<\/script>\n<!-- \/ Yoast SEO plugin. -->","yoast_head_json":{"title":"Quem somos - miceth","robots":{"index":"index","follow":"follow","max-snippet":"max-snippet:-1","max-image-preview":"max-image-preview:large","max-video-preview":"max-video-preview:-1"},"canonical":"https:\/\/miceth.co.ao\/en\/quem-somos\/","og_locale":"en_GB","og_type":"article","og_title":"Quem somos - miceth","og_description":"Quem somos Quem somos A empresa MICETH- Presta\u00e7\u00e3o de Servi\u00e7os (SU) LDA,\u00a0 vem sendo uma sociedade de refer\u00eancia no ramo de arrendamento de equipamentos, abrangendo os polos Onshore e Offshore.O nosso objectivo \u00e9 atender as necessidades das empresas de pequeno, m\u00e9dio e grande porte em diversos sectores de actividades, desempenhando com foco em seguran\u00e7a e qualidade dos nossos servi\u00e7os.Oferecemos aos nossos clientes um acompanhamento t\u00e9cnico especializado desde transporte, instala\u00e7\u00e3o\/desinstala\u00e7\u00e3o, manuten\u00e7\u00e3o e repara\u00e7\u00e3o de todos os equipamentos.Estamos neste mercado com o intuito de satisfazer os nossos clientes, para isto ouvimos suas ideias formando parcerias s\u00f3lidas e duradouras. Vis\u00e3o Miss\u00e3o Valores Visamos melhorar nossos relacionamentos aos clientes com base no melhor atendimento e redu\u00e7\u00e3o de custos nas elabora\u00e7\u00f5es dos projectos. (Ser a refer\u00eancia em solu\u00e7\u00f5es de energia confi\u00e1veis e acess\u00edveis, garantindo que nossos clientes tenham sempre acesso \u00e0 energia necess\u00e1ria, independentemente das circunst\u00e2ncias, e contribuindo para um futuro sustent\u00e1vel.) A nossa miss\u00e3o \u00e9 atender as necessidades das empresas de pequeno, m\u00e9dio e grande porte em diversos sectores de actividades, desempenhando com foco em seguran\u00e7a e qualidade dos nossos servi\u00e7os. (Fornecer solu\u00e7\u00f5es de energia eficientes e confi\u00e1veis por meio do aluguer de geradores de alta qualidade, garantindo a continuidade das opera\u00e7\u00f5es de nossos clientes em qualquer situa\u00e7\u00e3o, com excelente atendimento e compromisso com a sustentabilidade) Seguran\u00e7a: Dar prioridade \u00e0 prote\u00e7\u00e3o de colaboradores, clientes e comunidades. Integridade: Comportar-se com integridade e clareza em todas as rela\u00e7\u00f5es. &#8230; Inova\u00e7\u00e3o: Procurar incessantemente respostas inovadoras e eficientes para as dificuldades dos clientes. &#8220;Sustentabilidade: Comprometimento com a\u00e7\u00f5es que salvaguardem o meio ambiente e fomentem a responsabilidade social.Excel\u00eancia no Servi\u00e7o: Proporcionar assist\u00eancia excepcional e solu\u00e7\u00f5es customizadas para satisfazer as demandas dos clientes.","og_url":"https:\/\/miceth.co.ao\/en\/quem-somos\/","og_site_name":"miceth","article_modified_time":"2024-11-24T19:58:58+00:00","twitter_card":"summary_large_image","twitter_misc":{"Estimated reading time":"2 minutes"},"schema":{"@context":"https:\/\/schema.org","@graph":[{"@type":"WebPage","@id":"https:\/\/miceth.co.ao\/quem-somos\/","url":"https:\/\/miceth.co.ao\/quem-somos\/","name":"Quem somos - miceth","isPartOf":{"@id":"https:\/\/miceth.co.ao\/#website"},"primaryImageOfPage":{"@id":"https:\/\/miceth.co.ao\/quem-somos\/#primaryimage"},"image":{"@id":"https:\/\/miceth.co.ao\/quem-somos\/#primaryimage"},"thumbnailUrl":"https:\/\/miceth.co.ao\/wp-content\/uploads\/2024\/11\/retrato-de-mulheres-diversas-juntas_23-2151682145.avif","datePublished":"2023-09-06T14:07:30+00:00","dateModified":"2024-11-24T19:58:58+00:00","breadcrumb":{"@id":"https:\/\/miceth.co.ao\/quem-somos\/#breadcrumb"},"inLanguage":"en-GB","potentialAction":[{"@type":"ReadAction","target":["https:\/\/miceth.co.ao\/quem-somos\/"]}]},{"@type":"ImageObject","inLanguage":"en-GB","@id":"https:\/\/miceth.co.ao\/quem-somos\/#primaryimage","url":"https:\/\/miceth.co.ao\/wp-content\/uploads\/2024\/11\/retrato-de-mulheres-diversas-juntas_23-2151682145.avif","contentUrl":"https:\/\/miceth.co.ao\/wp-content\/uploads\/2024\/11\/retrato-de-mulheres-diversas-juntas_23-2151682145.avif"},{"@type":"BreadcrumbList","@id":"https:\/\/miceth.co.ao\/quem-somos\/#breadcrumb","itemListElement":[{"@type":"ListItem","position":1,"name":"In\u00edcio","item":"https:\/\/miceth.co.ao\/"},{"@type":"ListItem","position":2,"name":"Quem somos"}]},{"@type":"WebSite","@id":"https:\/\/miceth.co.ao\/#website","url":"https:\/\/miceth.co.ao\/","name":"miceth","description":"miceth","publisher":{"@id":"https:\/\/miceth.co.ao\/#organization"},"potentialAction":[{"@type":"SearchAction","target":{"@type":"EntryPoint","urlTemplate":"https:\/\/miceth.co.ao\/?s={search_term_string}"},"query-input":{"@type":"PropertyValueSpecification","valueRequired":true,"valueName":"search_term_string"}}],"inLanguage":"en-GB"},{"@type":"Organization","@id":"https:\/\/miceth.co.ao\/#organization","name":"miceth","url":"https:\/\/miceth.co.ao\/","logo":{"@type":"ImageObject","inLanguage":"en-GB","@id":"https:\/\/miceth.co.ao\/#\/schema\/logo\/image\/","url":"https:\/\/miceth.co.ao\/wp-content\/uploads\/2023\/09\/Logo-2.png.png","contentUrl":"https:\/\/miceth.co.ao\/wp-content\/uploads\/2023\/09\/Logo-2.png.png","width":800,"height":800,"caption":"miceth"},"image":{"@id":"https:\/\/miceth.co.ao\/#\/schema\/logo\/image\/"}}]}},"_links":{"self":[{"href":"https:\/\/miceth.co.ao\/en\/wp-json\/wp\/v2\/pages\/1830","targetHints":{"allow":["GET"]}}],"collection":[{"href":"https:\/\/miceth.co.ao\/en\/wp-json\/wp\/v2\/pages"}],"about":[{"href":"https:\/\/miceth.co.ao\/en\/wp-json\/wp\/v2\/types\/page"}],"author":[{"embeddable":true,"href":"https:\/\/miceth.co.ao\/en\/wp-json\/wp\/v2\/users\/1"}],"replies":[{"embeddable":true,"href":"https:\/\/miceth.co.ao\/en\/wp-json\/wp\/v2\/comments?post=1830"}],"version-history":[{"count":45,"href":"https:\/\/miceth.co.ao\/en\/wp-json\/wp\/v2\/pages\/1830\/revisions"}],"predecessor-version":[{"id":2606,"href":"https:\/\/miceth.co.ao\/en\/wp-json\/wp\/v2\/pages\/1830\/revisions\/2606"}],"wp:attachment":[{"href":"https:\/\/miceth.co.ao\/en\/wp-json\/wp\/v2\/media?parent=1830"}],"curies":[{"name":"wp","href":"https:\/\/api.w.org\/{rel}","templated":true}]}}